{"id":88,"date":"2015-02-19T16:26:09","date_gmt":"2015-02-19T16:26:09","guid":{"rendered":"http:\/\/toshoptop.com\/formations2\/gxlstep2\/?page_id=88"},"modified":"2020-06-29T04:33:08","modified_gmt":"2020-06-29T04:33:08","slug":"nous-contacter-2","status":"publish","type":"page","link":"https:\/\/gexcel.ch\/formations2\/nous-contacter-2\/","title":{"rendered":"Nous contacter"},"content":{"rendered":"<p>[su_box title=\u00a0\u00bbBesoin d&rsquo;informations suppl\u00e9mentaires ? \u00a0\u00bb box_color=\u00a0\u00bb#08c\u00a0\u00bb]<\/p>\n<p style=\"text-align: center;\">\n<p style=\"text-align: center;\">[contact-form-7 id=\u00a0\u00bb965&Prime; title=\u00a0\u00bbContacter Gexcel pour info\u00a0\u00bb]<\/p>\n<p style=\"text-align: center;\">\n<p style=\"text-align: center;\">N\u2019h\u00e9sitez pas \u00e0 nous contacter<\/p>\n<p style=\"text-align: center;\">Nous sommes avec plaisir \u00e0 votre disposition<br \/>\nToute l\u2019\u00e9quipe Gexcel<\/p>\n<p>[\/su_box]<\/p>\n","protected":false},"excerpt":{"rendered":"<p>[su_box title=\u00a0\u00bbBesoin d&rsquo;informations suppl\u00e9mentaires ? \u00a0\u00bb box_color=\u00a0\u00bb#08c\u00a0\u00bb] [contact-form-7 id=\u00a0\u00bb965&Prime; title=\u00a0\u00bbContacter Gexcel pour info\u00a0\u00bb] N\u2019h\u00e9sitez pas \u00e0 nous contacter Nous sommes avec plaisir \u00e0 votre disposition Toute l\u2019\u00e9quipe Gexcel [\/su_box]<\/p>\n","protected":false},"author":1,"featured_media":0,"parent":0,"menu_order":0,"comment_status":"open","ping_status":"closed","template":"","meta":{"footnotes":""},"class_list":["post-88","page","type-page","status-publish","czr-hentry"],"_links":{"self":[{"href":"https:\/\/gexcel.ch\/formations2\/wp-json\/wp\/v2\/pages\/88","targetHints":{"allow":["GET"]}}],"collection":[{"href":"https:\/\/gexcel.ch\/formations2\/wp-json\/wp\/v2\/pages"}],"about":[{"href":"https:\/\/gexcel.ch\/formations2\/wp-json\/wp\/v2\/types\/page"}],"author":[{"embeddable":true,"href":"https:\/\/gexcel.ch\/formations2\/wp-json\/wp\/v2\/users\/1"}],"replies":[{"embeddable":true,"href":"https:\/\/gexcel.ch\/formations2\/wp-json\/wp\/v2\/comments?post=88"}],"version-history":[{"count":7,"href":"https:\/\/gexcel.ch\/formations2\/wp-json\/wp\/v2\/pages\/88\/revisions"}],"predecessor-version":[{"id":964,"href":"https:\/\/gexcel.ch\/formations2\/wp-json\/wp\/v2\/pages\/88\/revisions\/964"}],"wp:attachment":[{"href":"https:\/\/gexcel.ch\/formations2\/wp-json\/wp\/v2\/media?parent=88"}],"curies":[{"name":"wp","href":"https:\/\/api.w.org\/{rel}","templated":true}]}}