{"id":864,"date":"2015-05-30T03:21:56","date_gmt":"2015-05-30T03:21:56","guid":{"rendered":"http:\/\/gexcel.ch\/formations2\/?page_id=864"},"modified":"2020-06-29T06:14:53","modified_gmt":"2020-06-29T06:14:53","slug":"project","status":"publish","type":"page","link":"https:\/\/gexcel.ch\/formations2\/project\/","title":{"rendered":"Project"},"content":{"rendered":"<p>[su_box title=\u00a0\u00bb<\/p>\n<h3>Cours\u00a0Project<\/h3>\n<p>\u00a0\u00bb box_color=\u00a0\u00bb#08c\u00a0\u00bb]<a href=\"https:\/\/gexcel.ch\/formations2\/wp-content\/uploads\/2015\/05\/microsoft-project-logo-green.png\"><img loading=\"lazy\" decoding=\"async\" class=\"alignnone  wp-image-869\" src=\"https:\/\/gexcel.ch\/formations2\/wp-content\/uploads\/2015\/05\/microsoft-project-logo-green.png\" alt=\"microsoft-project-logo-green\" width=\"78\" height=\"64\" \/><\/a><\/p>\n<p>[su_pullquote]<\/p>\n<p><strong>Microsoft Project<\/strong>, vous permet de mieux contr\u00f4ler vos projets en alliant la flexibilit\u00e9 et la simplicit\u00e9 d\u2019outils comme Excel 2010 avec la puissance du moteur pr\u00e9visionnel de Project. Gr\u00e2ce \u00e0 son ergonomie repens\u00e9e qui int\u00e8gre le ruban Office vous retrouverez plus facilement les outils et fonctionnalit\u00e9s que vous utilisez au quotidien. Avec l\u2019affichage enti\u00e8rement nouveau de la chronologie, vous communiquez de fa\u00e7on simple et intuitive les principales dates et les \u00e9ch\u00e9ances de votre projet.<\/p>\n<p>[\/su_pullquote]<\/p>\n<p><strong>Aborder un Projet<\/strong><br \/>\nApprendre \u00e0 analyser une situation et \u00e0 d\u00e9cider de la structure g\u00e9n\u00e9rale du projet<\/p>\n<p><strong>Les T\u00e2ches<\/strong><br \/>\nLes t\u00e2ches sont abord\u00e9es de mani\u00e8re syst\u00e9matique. La cr\u00e9ation des t\u00e2ches se d\u00e9roule selon un calendrier pr\u00e9d\u00e9fini par l&rsquo;utilisateur et \u00e0 partir de l&rsquo;analyse, il sera \u00e0 m\u00eame d&rsquo;rganiser et de lier les t\u00e2ches en utilisant les diff\u00e9rentes options de liaison mises \u00e0 disposition par MS Project.<\/p>\n<p><strong>Les t\u00e2ches en d\u00e9tail<\/strong><br \/>\nAnnoter, r\u00e9capituler, r\u00e9organiser, installer les jalons qui permettent de g\u00e9rer le projet au plus pr\u00e8s des besoins.<\/p>\n<p><strong>Les Ressources<\/strong><br \/>\nEn d\u00e9terminant les diff\u00e9rentes ressources n\u00e9cessaires au bon d\u00e9roulement du projet, l&rsquo;utilisateur saura g\u00e9rer la charge du travail pour mener \u00e0 bien son projet.<\/p>\n<p><strong>Le suivi d&rsquo;un projet<\/strong><br \/>\nEn mettant \u00e0 jour les diff\u00e9rentes t\u00e2ches et la globalit\u00e9 du projet, \u00e0 tout moment intervenir sur le projet pour parer aux retards \u00e9ventuels ou pour acc\u00e9l\u00e9rer son avancement.<\/p>\n<p>[\/su_box]<\/p>\n<p>N.B : Les descriptions de cours ci-dessus sont des exemples type tir\u00e9s de nos bases de donn\u00e9es.<\/p>\n<p>Elles peuvent \u00eatre\u00a0modifi\u00e9es \u00e0 tous moments, selon les versions d&rsquo;Office (2007\/2010\/2013\/365)<\/p>\n<p style=\"text-align: center;\">Pour toute information, n\u2019h\u00e9sitez pas \u00e0 <a href=\"https:\/\/gexcel.ch\/formations2\/nous-contacter-2\/\">nous contacter<\/a><\/p>\n<p style=\"text-align: center;\">Nous sommes avec plaisir \u00e0 votre disposition<br \/>\nToute l\u2019\u00e9quipe Gexcel<\/p>\n","protected":false},"excerpt":{"rendered":"<p>[su_box title=\u00a0\u00bb Cours\u00a0Project \u00a0\u00bb box_color=\u00a0\u00bb#08c\u00a0\u00bb] [su_pullquote] Microsoft Project, vous permet de mieux contr\u00f4ler vos projets en alliant la flexibilit\u00e9 et la simplicit\u00e9 d\u2019outils comme Excel 2010 avec la puissance du moteur pr\u00e9visionnel de Project. Gr\u00e2ce \u00e0 son ergonomie repens\u00e9e qui int\u00e8gre le ruban Office vous retrouverez plus facilement les outils et fonctionnalit\u00e9s que vous utilisez [&hellip;]<\/p>\n","protected":false},"author":1,"featured_media":0,"parent":0,"menu_order":0,"comment_status":"open","ping_status":"open","template":"","meta":{"footnotes":""},"class_list":["post-864","page","type-page","status-publish","czr-hentry"],"_links":{"self":[{"href":"https:\/\/gexcel.ch\/formations2\/wp-json\/wp\/v2\/pages\/864","targetHints":{"allow":["GET"]}}],"collection":[{"href":"https:\/\/gexcel.ch\/formations2\/wp-json\/wp\/v2\/pages"}],"about":[{"href":"https:\/\/gexcel.ch\/formations2\/wp-json\/wp\/v2\/types\/page"}],"author":[{"embeddable":true,"href":"https:\/\/gexcel.ch\/formations2\/wp-json\/wp\/v2\/users\/1"}],"replies":[{"embeddable":true,"href":"https:\/\/gexcel.ch\/formations2\/wp-json\/wp\/v2\/comments?post=864"}],"version-history":[{"count":5,"href":"https:\/\/gexcel.ch\/formations2\/wp-json\/wp\/v2\/pages\/864\/revisions"}],"predecessor-version":[{"id":1008,"href":"https:\/\/gexcel.ch\/formations2\/wp-json\/wp\/v2\/pages\/864\/revisions\/1008"}],"wp:attachment":[{"href":"https:\/\/gexcel.ch\/formations2\/wp-json\/wp\/v2\/media?parent=864"}],"curies":[{"name":"wp","href":"https:\/\/api.w.org\/{rel}","templated":true}]}}