{"id":66,"date":"2015-02-19T15:16:22","date_gmt":"2015-02-19T15:16:22","guid":{"rendered":"http:\/\/toshoptop.com\/formations2\/gxlstep2\/?page_id=66"},"modified":"2020-06-29T06:23:08","modified_gmt":"2020-06-29T06:23:08","slug":"wordpress-base","status":"publish","type":"page","link":"https:\/\/gexcel.ch\/formations2\/wordpress-base\/","title":{"rendered":"WordPress Base"},"content":{"rendered":"<p>[su_box title=\u00a0\u00bb<\/p>\n<h1>WordPress &#8211; Formation Base \u00e0 Interm\u00e9diaire<\/h1>\n<p>\u00a0\u00bb box_color=\u00a0\u00bb#08c\u00a0\u00bb]<\/p>\n<p>[su_pullquote]<\/p>\n<p><strong>OBJECTIFS<\/strong><\/p>\n<div class=\"field-items\">\n<h4>\u00catre capable de :<\/h4>\n<ul>\n<li>Cr\u00e9er un site Internet ou blog en utilisant le syst\u00e8me de gestion de contenu (CMS) WordPress<\/li>\n<li>Param\u00e9trer et personnaliser le syst\u00e8me de mani\u00e8re avanc\u00e9e pour pr\u00e9senter les informations souhait\u00e9es<\/li>\n<li>Mettre \u00e0 jour, maintenir et assurer la p\u00e9rennit\u00e9 du site Internet ainsi cr\u00e9\u00e9<\/li>\n<\/ul>\n<div class=\"field field-name-field-pre-requis field-type-text-long field-label-above\">\n<h4>Pr\u00e9-requis<\/h4>\n<div class=\"field-items\">\n<p>Aisance dans l\u2019utilisation d\u2019Internet (utilisation des moteurs de recherche, courrier \u00e9lectronique\u2026).<br \/>\nBonnes connaissances de base d\u2019un langage de programmation (tel que HTML, PHP, Java, etc.).<br \/>\nLa compr\u00e9hension \u00e9crite de l\u2019anglais constitue un atout.<\/p>\n<h4>PUBLIC<\/h4>\n<div class=\"field-items\">\n<p>Tout professionnel qui souhaite communiquer sur Internet \u00e0 l\u2019aide d\u2019un site ou blog, facilitant l\u2019interaction et le partage d\u2019information avec les internautes, tel que : webmaster, webdeveloper, webdesigner, graphiste, \u00e9diteur, informaticien, charg\u00e9 de marketing et communication &#8230;<\/p>\n<\/div>\n<\/div>\n<\/div>\n<\/div>\n<p><span style=\"line-height: 1.5;\">[\/su_pullquote]<\/span><\/p>\n<p><strong>CMS \u2013 profil Administrateur<\/strong><\/p>\n<div>\n<div>\n<div>D\u00e9buter ou consolider les bases \u00a0WordPress<\/div>\n<div>Public : D\u00e9butants \u00e0\u00a0Interm\u00e9diaires<\/div>\n<div><\/div>\n<div><strong>Cours 1 \u00a0 (2 jours) \u00a0 \u00a0 \u2013 5 \u00e0 10 p.<\/strong><\/div>\n<div>Bases et R\u00e9visions :<\/div>\n<div>Pr\u00e9-requis \u00e0 l\u2019installation de WP<\/div>\n<div><\/div>\n<\/div>\n<div><em>L\u2019infrastructure WP<\/em><\/div>\n<div>Le tableau de bord<\/div>\n<div>Diff\u00e9rence entre Articles et Pages<\/div>\n<div><\/div>\n<div>Types de site : Pr\u00e9sentation \/ Blog \/ eCommerce \/ Mixed<\/div>\n<div><\/div>\n<div>Les Th\u00e8mes<\/div>\n<div>Les M\u00e9dias<\/div>\n<div>Les Plugins<\/div>\n<div>Les Widgets<\/div>\n<div><\/div>\n<div>Pr\u00e9parer et organiser le contenu<\/div>\n<div><\/div>\n<div><strong>Cours 2 \u00a0(1 jour) \u00a0 \u00a0 \u00a0 \u00a0 -3 \u00e0 6p.<\/strong><\/div>\n<div>Travailler en autonomie avec WP :<\/div>\n<\/div>\n<div>Le Codex<\/div>\n<div>Les Forums<\/div>\n<div>La communaut\u00e9 WP<\/div>\n<div>Initiation au d\u00e9vellopements WP<\/div>\n<div>Trucs et astuces<\/div>\n<div><\/div>\n<div>\n<div>\n<div><strong>Cours 3 \u00a0(1 jour)\u00a0<\/strong><\/div>\n<div><\/div>\n<\/div>\n<\/div>\n<p>Ateliers\u00a0WP<\/p>\n<p>Selon sujets identifi\u00e9s dans les cours.<\/p>\n<p>[\/su_box]<\/p>\n<p>N.B : Les descriptions de cours ci-dessus sont des exemples type tir\u00e9s de nos bases de donn\u00e9es.<\/p>\n<p>Elles peuvent \u00eatre\u00a0modifi\u00e9es \u00e0 tous moments.<\/p>\n<p style=\"text-align: center;\">Pour toute information, n\u2019h\u00e9sitez pas \u00e0 <a href=\"https:\/\/gexcel.ch\/formations2\/nous-contacter-2\/\">nous contacter<\/a><\/p>\n<p style=\"text-align: center;\">Nous sommes avec plaisir \u00e0 votre disposition<br \/>\nToute l\u2019\u00e9quipe Gexcel<\/p>\n","protected":false},"excerpt":{"rendered":"<p>[su_box title=\u00a0\u00bb WordPress &#8211; Formation Base \u00e0 Interm\u00e9diaire \u00a0\u00bb box_color=\u00a0\u00bb#08c\u00a0\u00bb] [su_pullquote] OBJECTIFS \u00catre capable de : Cr\u00e9er un site Internet ou blog en utilisant le syst\u00e8me de gestion de contenu (CMS) WordPress Param\u00e9trer et personnaliser le syst\u00e8me de mani\u00e8re avanc\u00e9e pour pr\u00e9senter les informations souhait\u00e9es Mettre \u00e0 jour, maintenir et assurer la p\u00e9rennit\u00e9 du site [&hellip;]<\/p>\n","protected":false},"author":1,"featured_media":0,"parent":0,"menu_order":0,"comment_status":"open","ping_status":"open","template":"","meta":{"footnotes":""},"class_list":["post-66","page","type-page","status-publish","czr-hentry"],"_links":{"self":[{"href":"https:\/\/gexcel.ch\/formations2\/wp-json\/wp\/v2\/pages\/66","targetHints":{"allow":["GET"]}}],"collection":[{"href":"https:\/\/gexcel.ch\/formations2\/wp-json\/wp\/v2\/pages"}],"about":[{"href":"https:\/\/gexcel.ch\/formations2\/wp-json\/wp\/v2\/types\/page"}],"author":[{"embeddable":true,"href":"https:\/\/gexcel.ch\/formations2\/wp-json\/wp\/v2\/users\/1"}],"replies":[{"embeddable":true,"href":"https:\/\/gexcel.ch\/formations2\/wp-json\/wp\/v2\/comments?post=66"}],"version-history":[{"count":11,"href":"https:\/\/gexcel.ch\/formations2\/wp-json\/wp\/v2\/pages\/66\/revisions"}],"predecessor-version":[{"id":1026,"href":"https:\/\/gexcel.ch\/formations2\/wp-json\/wp\/v2\/pages\/66\/revisions\/1026"}],"wp:attachment":[{"href":"https:\/\/gexcel.ch\/formations2\/wp-json\/wp\/v2\/media?parent=66"}],"curies":[{"name":"wp","href":"https:\/\/api.w.org\/{rel}","templated":true}]}}