{"id":62,"date":"2015-02-19T15:15:21","date_gmt":"2015-02-19T15:15:21","guid":{"rendered":"http:\/\/toshoptop.com\/formations2\/gxlstep2\/?page_id=62"},"modified":"2020-06-29T06:19:13","modified_gmt":"2020-06-29T06:19:13","slug":"acrobat","status":"publish","type":"page","link":"https:\/\/gexcel.ch\/formations2\/acrobat\/","title":{"rendered":"Acrobat"},"content":{"rendered":"<p>[su_box title=\u00a0\u00bb<\/p>\n<h1>Cours\u00a0Acrobat<\/h1>\n<p>\u00a0\u00bb box_color=\u00a0\u00bb#08c\u00a0\u00bb]\u00a0\u00a0<a href=\"https:\/\/gexcel.ch\/formations2\/wp-content\/uploads\/2015\/02\/Acrobat_learn.jpg\"><img loading=\"lazy\" decoding=\"async\" class=\"alignnone  wp-image-402\" src=\"https:\/\/gexcel.ch\/formations2\/wp-content\/uploads\/2015\/02\/Acrobat_pdf.jpg\" alt=\"Acrobat_pdf\" width=\"65\" height=\"61\" \/><\/a><\/p>\n<p>[su_pullquote]<\/p>\n<h4>Base :<\/h4>\n<div class=\"field-items\">\n<ul>\n<li>Cr\u00e9er et modifier vos documents PDF \u00e0 l&rsquo;aide du logiciel Adobe Acrobat Pro.<\/li>\n<li>Naviguer dans les document cr\u00e9er des index<\/li>\n<li>Cr\u00e9er un fichier PDF (toutes les techniques)<\/li>\n<li>Combiner les fichiers en un seul PDF<\/li>\n<li>Modifier le contenu d\u2019un document PDF texte et images<\/li>\n<li>Exportation vers Office<\/li>\n<li>R\u00e9duire le poids d\u2019un fichier PDF<\/li>\n<li>les diff\u00e9rents Onglets et espaces de travail<\/li>\n<\/ul>\n<h4>Atelier :<\/h4>\n<ul>\n<li>Formulaires<\/li>\n<li>PDF interactifs<\/li>\n<li>Gestion des hyperliens et propri\u00e9t\u00e9s du PDF<\/li>\n<li>Cr\u00e9er des diaporamas<\/li>\n<\/ul>\n<\/div>\n<p>[\/su_pullquote]<\/p>\n<h4>Acrobat Pro &#8211; Formation Base<\/h4>\n<div>Cette formation s&rsquo;\u00e9tend sur <strong>3 jours<\/strong>. Elle s&rsquo;adresse \u00e0 toute personne qui souhaite modifier ou cr\u00e9er des documents PDF. Les cours sont agr\u00e9ment\u00e9s d&rsquo;exercices pratiques document\u00e9s dans le support de cours.<\/div>\n<div><\/div>\n<h4>Acrobat Pro &#8211; Formation Base \u00e0 Avanc\u00e9e<\/h4>\n<div>Cette formation s&rsquo;organise en diff\u00e9rents ateliers d&rsquo;un jour chacun, selon vos domaines d&rsquo;activit\u00e9s et vos besoins. Comme pour la formation de base, le support de cours permet de mettre en pratique chaque th\u00e8me de la formation.<\/div>\n<p>[\/su_box]<\/p>\n<div id=\"bg_bas\">\n<p>N.B : Les descriptions de cours ci-dessus sont des exemples type tir\u00e9s de nos bases de donn\u00e9es.<\/p>\n<p>Elles peuvent \u00eatre\u00a0modifi\u00e9es \u00e0 tous moments.<\/p>\n<p style=\"text-align: center;\">Pour toute information, n\u2019h\u00e9sitez pas \u00e0 <a href=\"https:\/\/gexcel.ch\/formations2\/nous-contacter-2\/\">nous contacter<\/a><\/p>\n<p style=\"text-align: center;\">Nous sommes avec plaisir \u00e0 votre disposition<br \/>\nToute l\u2019\u00e9quipe Gexcel<\/p>\n<\/div>\n","protected":false},"excerpt":{"rendered":"<p>[su_box title=\u00a0\u00bb Cours\u00a0Acrobat \u00a0\u00bb box_color=\u00a0\u00bb#08c\u00a0\u00bb]\u00a0\u00a0 [su_pullquote] Base : Cr\u00e9er et modifier vos documents PDF \u00e0 l&rsquo;aide du logiciel Adobe Acrobat Pro. Naviguer dans les document cr\u00e9er des index Cr\u00e9er un fichier PDF (toutes les techniques) Combiner les fichiers en un seul PDF Modifier le contenu d\u2019un document PDF texte et images Exportation vers Office R\u00e9duire [&hellip;]<\/p>\n","protected":false},"author":1,"featured_media":0,"parent":0,"menu_order":0,"comment_status":"open","ping_status":"open","template":"","meta":{"footnotes":""},"class_list":["post-62","page","type-page","status-publish","czr-hentry"],"_links":{"self":[{"href":"https:\/\/gexcel.ch\/formations2\/wp-json\/wp\/v2\/pages\/62","targetHints":{"allow":["GET"]}}],"collection":[{"href":"https:\/\/gexcel.ch\/formations2\/wp-json\/wp\/v2\/pages"}],"about":[{"href":"https:\/\/gexcel.ch\/formations2\/wp-json\/wp\/v2\/types\/page"}],"author":[{"embeddable":true,"href":"https:\/\/gexcel.ch\/formations2\/wp-json\/wp\/v2\/users\/1"}],"replies":[{"embeddable":true,"href":"https:\/\/gexcel.ch\/formations2\/wp-json\/wp\/v2\/comments?post=62"}],"version-history":[{"count":14,"href":"https:\/\/gexcel.ch\/formations2\/wp-json\/wp\/v2\/pages\/62\/revisions"}],"predecessor-version":[{"id":1014,"href":"https:\/\/gexcel.ch\/formations2\/wp-json\/wp\/v2\/pages\/62\/revisions\/1014"}],"wp:attachment":[{"href":"https:\/\/gexcel.ch\/formations2\/wp-json\/wp\/v2\/media?parent=62"}],"curies":[{"name":"wp","href":"https:\/\/api.w.org\/{rel}","templated":true}]}}