{"id":60,"date":"2015-02-19T15:14:58","date_gmt":"2015-02-19T15:14:58","guid":{"rendered":"http:\/\/toshoptop.com\/formations2\/gxlstep2\/?page_id=60"},"modified":"2020-06-29T06:21:03","modified_gmt":"2020-06-29T06:21:03","slug":"illustrator","status":"publish","type":"page","link":"https:\/\/gexcel.ch\/formations2\/illustrator\/","title":{"rendered":"Illustrator"},"content":{"rendered":"<div class=\"field field-name-body field-type-text-with-summary field-label-above\">\n<div class=\"field-items\">\n<p>[su_box title=\u00a0\u00bb<\/p>\n<h1>Cours\u00a0Illustrator<\/h1>\n<p>\u00a0\u00bb box_color=\u00a0\u00bb#08c\u00a0\u00bb]\u00a0\u00a0\u00a0\u00a0\u00a0<a href=\"https:\/\/gexcel.ch\/formations2\/wp-content\/uploads\/2015\/02\/logo-illustrator.jpg\"><img loading=\"lazy\" decoding=\"async\" class=\"alignnone  wp-image-807\" src=\"https:\/\/gexcel.ch\/formations2\/wp-content\/uploads\/2015\/02\/logo-illustrator-300x282.jpg\" alt=\"logo illustrator\" width=\"63\" height=\"59\" srcset=\"https:\/\/gexcel.ch\/formations2\/wp-content\/uploads\/2015\/02\/logo-illustrator-300x282.jpg 300w, https:\/\/gexcel.ch\/formations2\/wp-content\/uploads\/2015\/02\/logo-illustrator-270x250.jpg 270w, https:\/\/gexcel.ch\/formations2\/wp-content\/uploads\/2015\/02\/logo-illustrator.jpg 342w\" sizes=\"auto, (max-width: 63px) 100vw, 63px\" \/><\/a><\/p>\n<p>[su_pullquote]<\/p>\n<h4>Base :<\/h4>\n<ul>\n<li>Introduction au dessin vectoriel<\/li>\n<li>Utiliser Bridge<\/li>\n<li>S\u00e9lections<\/li>\n<li>Plume et Trac\u00e9s<\/li>\n<li>Formes simples<\/li>\n<li>Les calques<\/li>\n<li>Les masques<\/li>\n<li>Mod\u00e8les de couleurs<\/li>\n<\/ul>\n<h4>Ateliers avanc\u00e9s :<\/h4>\n<ul>\n<li>Les biblioth\u00e8ques Objets et Symboles<\/li>\n<li>Redessiner une illustration<\/li>\n<li>Les graphiques<\/li>\n<li>Les exportations<\/li>\n<li>Perspectives et 3 D<\/li>\n<\/ul>\n<p>[\/su_pullquote]<\/p>\n<h4>Illustrator &#8211; Formation Base<\/h4>\n<div>Cette formation s&rsquo;\u00e9tend sur <strong>3 jours<\/strong>. Elle s&rsquo;adresse \u00e0 toute personne qui souhaite modifier ou cr\u00e9er des dessins et illustrations vectorielles. Les cours sont agr\u00e9ment\u00e9s d&rsquo;exercices pratiques document\u00e9s dans le support de cours.<\/div>\n<div><\/div>\n<h4>Illustrator &#8211; Formation Base \u00e0 Avanc\u00e9e<\/h4>\n<div>Cette formation s&rsquo;organise en diff\u00e9rents ateliers d&rsquo;un jour chacun, selon vos domaines d&rsquo;activit\u00e9s et vos besoins. Comme pour la formation de base, le support de cours permet de mettre en pratique chaque th\u00e8me de la formation.<\/div>\n<\/div>\n<\/div>\n<div class=\"field field-name-field-body field-type-text-long field-label-hidden\">\n<div class=\"hr\">\n<p>[\/su_box]<\/p>\n<h1><\/h1>\n<div id=\"bg_bas\">\n<p>N.B : Les descriptions de cours ci-dessus sont des exemples type tir\u00e9s de nos bases de donn\u00e9es.<\/p>\n<p>Elles peuvent \u00eatre\u00a0modifi\u00e9es \u00e0 tous moments.<\/p>\n<p style=\"text-align: center;\">Pour toute information, n\u2019h\u00e9sitez pas \u00e0 <a href=\"https:\/\/gexcel.ch\/formations2\/nous-contacter-2\/\">nous contacter<\/a><\/p>\n<p style=\"text-align: center;\">Nous sommes avec plaisir \u00e0 votre disposition<br \/>\nToute l\u2019\u00e9quipe Gexcel<\/p>\n<\/div>\n<h1><\/h1>\n<\/div>\n<\/div>\n<h1><\/h1>\n<div class=\"field field-name-field-body field-type-text-long field-label-hidden\"><\/div>\n","protected":false},"excerpt":{"rendered":"<p>[su_box title=\u00a0\u00bb Cours\u00a0Illustrator \u00a0\u00bb box_color=\u00a0\u00bb#08c\u00a0\u00bb]\u00a0\u00a0\u00a0\u00a0\u00a0 [su_pullquote] Base : Introduction au dessin vectoriel Utiliser Bridge S\u00e9lections Plume et Trac\u00e9s Formes simples Les calques Les masques Mod\u00e8les de couleurs Ateliers avanc\u00e9s : Les biblioth\u00e8ques Objets et Symboles Redessiner une illustration Les graphiques Les exportations Perspectives et 3 D [\/su_pullquote] Illustrator &#8211; Formation Base Cette formation s&rsquo;\u00e9tend sur [&hellip;]<\/p>\n","protected":false},"author":1,"featured_media":0,"parent":0,"menu_order":0,"comment_status":"open","ping_status":"open","template":"","meta":{"footnotes":""},"class_list":["post-60","page","type-page","status-publish","czr-hentry"],"_links":{"self":[{"href":"https:\/\/gexcel.ch\/formations2\/wp-json\/wp\/v2\/pages\/60","targetHints":{"allow":["GET"]}}],"collection":[{"href":"https:\/\/gexcel.ch\/formations2\/wp-json\/wp\/v2\/pages"}],"about":[{"href":"https:\/\/gexcel.ch\/formations2\/wp-json\/wp\/v2\/types\/page"}],"author":[{"embeddable":true,"href":"https:\/\/gexcel.ch\/formations2\/wp-json\/wp\/v2\/users\/1"}],"replies":[{"embeddable":true,"href":"https:\/\/gexcel.ch\/formations2\/wp-json\/wp\/v2\/comments?post=60"}],"version-history":[{"count":15,"href":"https:\/\/gexcel.ch\/formations2\/wp-json\/wp\/v2\/pages\/60\/revisions"}],"predecessor-version":[{"id":1020,"href":"https:\/\/gexcel.ch\/formations2\/wp-json\/wp\/v2\/pages\/60\/revisions\/1020"}],"wp:attachment":[{"href":"https:\/\/gexcel.ch\/formations2\/wp-json\/wp\/v2\/media?parent=60"}],"curies":[{"name":"wp","href":"https:\/\/api.w.org\/{rel}","templated":true}]}}