{"id":58,"date":"2015-02-19T15:14:42","date_gmt":"2015-02-19T15:14:42","guid":{"rendered":"http:\/\/toshoptop.com\/formations2\/gxlstep2\/?page_id=58"},"modified":"2020-06-29T06:20:24","modified_gmt":"2020-06-29T06:20:24","slug":"indesign","status":"publish","type":"page","link":"https:\/\/gexcel.ch\/formations2\/indesign\/","title":{"rendered":"InDesign"},"content":{"rendered":"<div class=\"field field-name-body field-type-text-with-summary field-label-above\">\n<div class=\"field-items\">\n<p>[su_box title=\u00a0\u00bb<\/p>\n<h1>Cours\u00a0InDesign<\/h1>\n<p>\u00a0\u00bb box_color=\u00a0\u00bb#08c\u00a0\u00bb]\u00a0\u00a0\u00a0\u00a0<img loading=\"lazy\" decoding=\"async\" class=\"\" src=\"https:\/\/s3-ap-northeast-1.amazonaws.com\/i.schoo\/images\/article\/design\/wdkj36_6.jpg\" alt=\"\" width=\"63\" height=\"61\" \/><\/p>\n<p>[su_pullquote]<\/p>\n<h4>Base :<\/h4>\n<div class=\"field-items\">\n<ul>\n<li>Corriger et cr\u00e9er des documents pour l&rsquo;impression (Flyers, d\u00e9pliants, brochures simples)<\/li>\n<li>Comprendre les diff\u00e9rences entre publications num\u00e9riques et impression<\/li>\n<li>G\u00e9rer les liens avec Illustrator et Photoshop pour retoucher et pr\u00e9parer les images<\/li>\n<li>Notions de typographie travailler avec les styles<\/li>\n<li>Contr\u00f4ler les documents destin\u00e9s \u00e0 l&rsquo;impression offset<\/li>\n<\/ul>\n<h4>Atelier :<\/h4>\n<ul>\n<li>Travailler avec des longs documents<\/li>\n<li>Travailler avec des livres<\/li>\n<li>Cr\u00e9er et g\u00e9rer des formulaires<\/li>\n<li>Les documents interactifs et publication num\u00e9riques sur 2 jours ou au choix<\/li>\n<li>PDF Interactifs multim\u00e9dia<\/li>\n<li>Digital publishing et epub<\/li>\n<\/ul>\n<\/div>\n<p>[\/su_pullquote]<\/p>\n<h4>INDESIGN &#8211; Formation Base<\/h4>\n<div>Cette formation s&rsquo;\u00e9tend sur <strong>3 jours (intensif) ou 3 journ\u00e9es<\/strong>, au choix. Elle s&rsquo;adresse \u00e0 toute personne qui souhaite acqu\u00e9rir\u00a0les bases pour modifier ou cr\u00e9er des documents destin\u00e9s \u00e0 l&rsquo;impression offset ou \u00e0 la publication num\u00e9rique. Les cours sont agr\u00e9ment\u00e9s d&rsquo;exercices pratiques document\u00e9s dans le support de cours.<\/div>\n<div><\/div>\n<h4>INDESIGN &#8211; Formation Base \u00e0 Avanc\u00e9e<\/h4>\n<div>Cette formation s&rsquo;organise en diff\u00e9rents ateliers d&rsquo;un jour chacun, selon vos domaine d&rsquo;activit\u00e9s et vos besoins. Comme pour la formation de base, le support de cours permet de mettre en pratique chaque th\u00e8me de la formation.<\/div>\n<div><\/div>\n<h4>\u00a0Formation Base \u00e0 Avanc\u00e9e<\/h4>\n<h4>\u00a0Public\u00a0:<\/h4>\n<p>Tout professionnel dont l\u2019activit\u00e9 requiert la mise en page de documents graphiques, Pr\u00e9requis Cours InDesign Base<\/p>\n<\/div>\n<\/div>\n<div class=\"field field-name-field-body field-type-text-long field-label-hidden\">\n<div class=\"hr\">\n<p>[\/su_box]<\/p>\n<h1><\/h1>\n<div id=\"bg_bas\">\n<p>N.B : Les descriptions de cours ci-dessus sont des exemples type tir\u00e9s de nos bases de donn\u00e9es.<\/p>\n<p>Elles peuvent \u00eatre\u00a0modifi\u00e9es \u00e0 tous moments.<\/p>\n<p style=\"text-align: center;\">Pour toute information, n\u2019h\u00e9sitez pas \u00e0 <a href=\"https:\/\/gexcel.ch\/formations2\/nous-contacter-2\/\">nous contacter<\/a><\/p>\n<p style=\"text-align: center;\">Nous sommes avec plaisir \u00e0 votre disposition<br \/>\nToute l\u2019\u00e9quipe Gexcel<\/p>\n<\/div>\n<h1><\/h1>\n<\/div>\n<\/div>\n","protected":false},"excerpt":{"rendered":"<p>[su_box title=\u00a0\u00bb Cours\u00a0InDesign \u00a0\u00bb box_color=\u00a0\u00bb#08c\u00a0\u00bb]\u00a0\u00a0\u00a0\u00a0 [su_pullquote] Base : Corriger et cr\u00e9er des documents pour l&rsquo;impression (Flyers, d\u00e9pliants, brochures simples) Comprendre les diff\u00e9rences entre publications num\u00e9riques et impression G\u00e9rer les liens avec Illustrator et Photoshop pour retoucher et pr\u00e9parer les images Notions de typographie travailler avec les styles Contr\u00f4ler les documents destin\u00e9s \u00e0 l&rsquo;impression offset Atelier [&hellip;]<\/p>\n","protected":false},"author":1,"featured_media":0,"parent":0,"menu_order":0,"comment_status":"open","ping_status":"open","template":"","meta":{"footnotes":""},"class_list":["post-58","page","type-page","status-publish","czr-hentry"],"_links":{"self":[{"href":"https:\/\/gexcel.ch\/formations2\/wp-json\/wp\/v2\/pages\/58","targetHints":{"allow":["GET"]}}],"collection":[{"href":"https:\/\/gexcel.ch\/formations2\/wp-json\/wp\/v2\/pages"}],"about":[{"href":"https:\/\/gexcel.ch\/formations2\/wp-json\/wp\/v2\/types\/page"}],"author":[{"embeddable":true,"href":"https:\/\/gexcel.ch\/formations2\/wp-json\/wp\/v2\/users\/1"}],"replies":[{"embeddable":true,"href":"https:\/\/gexcel.ch\/formations2\/wp-json\/wp\/v2\/comments?post=58"}],"version-history":[{"count":11,"href":"https:\/\/gexcel.ch\/formations2\/wp-json\/wp\/v2\/pages\/58\/revisions"}],"predecessor-version":[{"id":1018,"href":"https:\/\/gexcel.ch\/formations2\/wp-json\/wp\/v2\/pages\/58\/revisions\/1018"}],"wp:attachment":[{"href":"https:\/\/gexcel.ch\/formations2\/wp-json\/wp\/v2\/media?parent=58"}],"curies":[{"name":"wp","href":"https:\/\/api.w.org\/{rel}","templated":true}]}}