{"id":54,"date":"2015-02-19T15:13:40","date_gmt":"2015-02-19T15:13:40","guid":{"rendered":"http:\/\/toshoptop.com\/formations2\/gxlstep2\/?page_id=54"},"modified":"2020-06-29T06:15:42","modified_gmt":"2020-06-29T06:15:42","slug":"vba","status":"publish","type":"page","link":"https:\/\/gexcel.ch\/formations2\/vba\/","title":{"rendered":"VBA"},"content":{"rendered":"<p>[su_box title=\u00a0\u00bb<\/p>\n<h3>Cours\u00a0VBA<\/h3>\n<p>\u00a0\u00bb box_color=\u00a0\u00bb#08c\u00a0\u00bb]<\/p>\n<p>Programme sur demande<\/p>\n<p>[\/su_box]<\/p>\n<p>N.B : Les descriptions de cours ci-dessus sont des exemples type tir\u00e9s de nos bases de donn\u00e9es.<\/p>\n<p>Elles peuvent \u00eatre\u00a0modifi\u00e9es \u00e0 tous moments, selon les versions d&rsquo;Office (2007\/2010\/2013\/365)<\/p>\n<p style=\"text-align: center;\">Pour toute information, n\u2019h\u00e9sitez pas \u00e0 <a href=\"https:\/\/gexcel.ch\/formations2\/nous-contacter-2\/\">nous contacter<\/a><\/p>\n<p style=\"text-align: center;\">Nous sommes avec plaisir \u00e0 votre disposition<br \/>\nToute l\u2019\u00e9quipe Gexcel<\/p>\n","protected":false},"excerpt":{"rendered":"<p>[su_box title=\u00a0\u00bb Cours\u00a0VBA \u00a0\u00bb box_color=\u00a0\u00bb#08c\u00a0\u00bb] Programme sur demande [\/su_box] N.B : Les descriptions de cours ci-dessus sont des exemples type tir\u00e9s de nos bases de donn\u00e9es. Elles peuvent \u00eatre\u00a0modifi\u00e9es \u00e0 tous moments, selon les versions d&rsquo;Office (2007\/2010\/2013\/365) Pour toute information, n\u2019h\u00e9sitez pas \u00e0 nous contacter Nous sommes avec plaisir \u00e0 votre disposition Toute l\u2019\u00e9quipe Gexcel<\/p>\n","protected":false},"author":1,"featured_media":0,"parent":0,"menu_order":0,"comment_status":"open","ping_status":"open","template":"","meta":{"footnotes":""},"class_list":["post-54","page","type-page","status-publish","czr-hentry"],"_links":{"self":[{"href":"https:\/\/gexcel.ch\/formations2\/wp-json\/wp\/v2\/pages\/54","targetHints":{"allow":["GET"]}}],"collection":[{"href":"https:\/\/gexcel.ch\/formations2\/wp-json\/wp\/v2\/pages"}],"about":[{"href":"https:\/\/gexcel.ch\/formations2\/wp-json\/wp\/v2\/types\/page"}],"author":[{"embeddable":true,"href":"https:\/\/gexcel.ch\/formations2\/wp-json\/wp\/v2\/users\/1"}],"replies":[{"embeddable":true,"href":"https:\/\/gexcel.ch\/formations2\/wp-json\/wp\/v2\/comments?post=54"}],"version-history":[{"count":4,"href":"https:\/\/gexcel.ch\/formations2\/wp-json\/wp\/v2\/pages\/54\/revisions"}],"predecessor-version":[{"id":1010,"href":"https:\/\/gexcel.ch\/formations2\/wp-json\/wp\/v2\/pages\/54\/revisions\/1010"}],"wp:attachment":[{"href":"https:\/\/gexcel.ch\/formations2\/wp-json\/wp\/v2\/media?parent=54"}],"curies":[{"name":"wp","href":"https:\/\/api.w.org\/{rel}","templated":true}]}}