{"id":52,"date":"2015-02-19T15:13:29","date_gmt":"2015-02-19T15:13:29","guid":{"rendered":"http:\/\/toshoptop.com\/formations2\/gxlstep2\/?page_id=52"},"modified":"2020-06-29T06:14:10","modified_gmt":"2020-06-29T06:14:10","slug":"access","status":"publish","type":"page","link":"https:\/\/gexcel.ch\/formations2\/access\/","title":{"rendered":"Access"},"content":{"rendered":"<p>[su_box title=\u00a0\u00bb<\/p>\n<h3>Cours\u00a0Access<\/h3>\n<p>\u00a0\u00bb box_color=\u00a0\u00bb#08c\u00a0\u00bb]<img loading=\"lazy\" decoding=\"async\" class=\"iconCours\" title=\"MS Access 2007\" src=\"http:\/\/web.archive.org\/web\/20141104190206im_\/http:\/\/formation-access.ch\/img\/icon_64_Access2007.png\" alt=\"MS Access 2007\" width=\"64\" height=\"64\" \/><\/p>\n<p>[su_pullquote]<\/p>\n<p><strong>Access<\/strong> (ou <strong>MS Access<\/strong>, officiellement <strong>Microsoft Office Access<\/strong>) est un syst\u00e8me de gestion de base de donn\u00e9es relationnelles, pr\u00e9sentant une approche bureautique.<\/p>\n<p><strong>Access<\/strong> est compatible avec les requ\u00eates <acronym title=\"Structured Query Language\">SQL<\/acronym> (sous certaines restrictions) et dispose d&rsquo;une interface graphique pour saisir les requ\u00eates. Il permet de configurer, avec des assistants ou librement, des formulaires de saisie, des \u00e9tats imprimables (avec regroupements de donn\u00e9es selon divers crit\u00e8res et des totalisations, conditionnelles ou non), des pages <acronym title=\"HyperText Markup Language\">HTML<\/acronym> li\u00e9es aux donn\u00e9es, des macros et des modules <acronym title=\"Visual Basic for Applications\">VBA<\/acronym>.<\/p>\n<p>[\/su_pullquote]<br \/>\n<strong>Access<\/strong> &#8211; Fondamentaux pour utilisateurs<br \/>\nCe cours s&rsquo;adresse \u00e0 des utilisateurs ayant \u00e0 saisir, modifier, rechercher et exporter des donn\u00e9es dans une base de donn\u00e9es MS Access existante et qui doivent acqu\u00e9rir les outils et connaissances ad hoc pour effectuer correctement ces manipulations. Le participant n&rsquo;apprendra pas dans cette formation \u00e0 cr\u00e9er une base de donn\u00e9es.<br \/>\n<strong>Access<\/strong> &#8211; Cr\u00e9ation et gestion des tables<br \/>\nCe cours s&rsquo;adresse \u00e0 des personnes ayant \u00e0 cr\u00e9er la structure d&rsquo;une base de donn\u00e9es avec MS Access pour pouvoir faire des requ\u00eates, rapports, macros, etc.<br \/>\n<strong>Access<\/strong> &#8211; Mod\u00e9lisation de bases de donn\u00e9es<br \/>\nA l&rsquo;issue de ce cours purement th\u00e9orique, le participant sera \u00e0 m\u00eame d&rsquo;analyser avec les bons outils (SGBDR, SQL,&#8230;) les donn\u00e9es d&rsquo;une entreprise. Il poss\u00e9dera les techniques de base lui permettant de mettre en place les diff\u00e9rentes \u00e9tapes de la conception d&rsquo;une base de donn\u00e9es. Et finalement il disposera du vocabulaire \u00e9l\u00e9mentaire n\u00e9cessaire \u00e0 la manipulation de bases de donn\u00e9es.<br \/>\n<strong>Access<\/strong> &#8211; Requ\u00eates<br \/>\nCe cours donne aux participants les outils et les connaissances pour cr\u00e9er les requ\u00eates les plus courantes en entreprise dans le but de faire du tri, de la s\u00e9lection, de la synth\u00e8se et de l&rsquo;analyse simple ou m\u00eame de la statistique inf\u00e9rentielle. Par ailleurs les participants apprendront \u00e0 lire le SQL de Access et \u00e0 en \u00e9crire un peu.<br \/>\n<strong>Access<\/strong> &#8211; Formulaires<br \/>\nCr\u00e9er des formulaires simples ou complexes permettant aux utilisateurs de la base de donn\u00e9es d&rsquo;interagir et travailler efficacement avec les tables, requ\u00eates, \u00e9tats, diagrammes, tableaux crois\u00e9s dynamiques, graphiques crois\u00e9s dynamiques, etc.<br \/>\n<strong>Access<\/strong> &#8211; Fonctions<br \/>\nCe cours a pour but de d\u00e9montrer l&rsquo;utilit\u00e9 des fonctions int\u00e9gr\u00e9es \u00e0 MS Access dans le cadre de calculs ou traitement de l&rsquo;information dans des formulaires ou requ\u00eates de s\u00e9lection simple. Les concepts \u00e9tudi\u00e9s seront d&rsquo;ailleurs r\u00e9utilis\u00e9s dans l&rsquo;atelier sur les requ\u00eates et dans le cours VBA pour MS Access.<br \/>\n<strong>Access<\/strong> &#8211; \u00c9tats (Rapports)<br \/>\nLes participants apprendront \u00e0 utiliser les finesses de l&rsquo;assistant de cr\u00e9ation de rapports ainsi que la personnalisation et la cr\u00e9ation manuelle avanc\u00e9e de rapports avec des formules ou du code VBA en incluant au besoin des diagrammes avec les donn\u00e9es. Le participant apprendra \u00e9galement les techniques classiques pour faciliter l&rsquo;ex\u00e9cution des rapports param\u00e9tr\u00e9s sur des requ\u00eates simples ou complexes au sein de l&rsquo;entreprise.<br \/>\n<strong>Access<\/strong> &#8211; Macros<br \/>\nCe cours s&rsquo;adresse aux participants souhaitant automatiser certaines proc\u00e9dures comme l&rsquo;export\/import de donn\u00e9es ou l&rsquo;ex\u00e9cution de requ\u00eates via des formulaires ou encore pousser les limites d&rsquo;Access au niveau de l&rsquo;interactivit\u00e9 de l&rsquo;utilisateur par l&rsquo;interface graphique des formulaires. Chaque type de macro connue sera \u00e9tudi\u00e9 \u00e0 travers un petit exemple pratique et l&rsquo;ensemble du cours dans une macro de groupe.<br \/>\n<strong>Access<\/strong> &#8211; Optimisation de bases de donn\u00e9es<br \/>\nComprendre comment fonctionnent les algorithmes dans un moteur de bases de donn\u00e9es afin d&rsquo;optimiser le temps d&rsquo;ex\u00e9cution des requ\u00eates, leur d\u00e9bit, la gestion de la m\u00e9moire principale et de stockage.<br \/>\n<strong>Access<\/strong> &#8211; Gestion de la s\u00e9curit\u00e9<br \/>\nG\u00e9rer une base multi-utilisateurs avec le syst\u00e8me de s\u00e9curisation embarqu\u00e9 de MS Access et avec VBA.<br \/>\n<strong>Programme sur mesure<\/strong><br \/>\nPossibilit\u00e9 d&rsquo;organiser une formation enti\u00e8rement personnalis\u00e9e, sur mesure, afin d&rsquo;apprendre \u00e0 utiliser le logiciel selon vos besoins et votre niveau.<\/p>\n<p>[\/su_box]<\/p>\n<p>N.B : Les descriptions de cours ci-dessus sont des exemples type tir\u00e9s de nos bases de donn\u00e9es.<\/p>\n<p>Elles peuvent \u00eatre\u00a0modifi\u00e9es \u00e0 tous moments, selon les versions d&rsquo;Office (2007\/2010\/2013\/365)<\/p>\n<p style=\"text-align: center;\">Pour toute information, n\u2019h\u00e9sitez pas \u00e0 <a href=\"https:\/\/gexcel.ch\/formations2\/nous-contacter-2\/\">nous contacter<\/a><\/p>\n<p style=\"text-align: center;\">Nous sommes avec plaisir \u00e0 votre disposition<br \/>\nToute l\u2019\u00e9quipe Gexcel<\/p>\n","protected":false},"excerpt":{"rendered":"<p>[su_box title=\u00a0\u00bb Cours\u00a0Access \u00a0\u00bb box_color=\u00a0\u00bb#08c\u00a0\u00bb] [su_pullquote] Access (ou MS Access, officiellement Microsoft Office Access) est un syst\u00e8me de gestion de base de donn\u00e9es relationnelles, pr\u00e9sentant une approche bureautique. Access est compatible avec les requ\u00eates SQL (sous certaines restrictions) et dispose d&rsquo;une interface graphique pour saisir les requ\u00eates. Il permet de configurer, avec des assistants ou [&hellip;]<\/p>\n","protected":false},"author":1,"featured_media":0,"parent":0,"menu_order":0,"comment_status":"open","ping_status":"open","template":"","meta":{"footnotes":""},"class_list":["post-52","page","type-page","status-publish","czr-hentry"],"_links":{"self":[{"href":"https:\/\/gexcel.ch\/formations2\/wp-json\/wp\/v2\/pages\/52","targetHints":{"allow":["GET"]}}],"collection":[{"href":"https:\/\/gexcel.ch\/formations2\/wp-json\/wp\/v2\/pages"}],"about":[{"href":"https:\/\/gexcel.ch\/formations2\/wp-json\/wp\/v2\/types\/page"}],"author":[{"embeddable":true,"href":"https:\/\/gexcel.ch\/formations2\/wp-json\/wp\/v2\/users\/1"}],"replies":[{"embeddable":true,"href":"https:\/\/gexcel.ch\/formations2\/wp-json\/wp\/v2\/comments?post=52"}],"version-history":[{"count":5,"href":"https:\/\/gexcel.ch\/formations2\/wp-json\/wp\/v2\/pages\/52\/revisions"}],"predecessor-version":[{"id":1006,"href":"https:\/\/gexcel.ch\/formations2\/wp-json\/wp\/v2\/pages\/52\/revisions\/1006"}],"wp:attachment":[{"href":"https:\/\/gexcel.ch\/formations2\/wp-json\/wp\/v2\/media?parent=52"}],"curies":[{"name":"wp","href":"https:\/\/api.w.org\/{rel}","templated":true}]}}