{"id":48,"date":"2015-02-19T15:12:48","date_gmt":"2015-02-19T15:12:48","guid":{"rendered":"http:\/\/toshoptop.com\/formations2\/gxlstep2\/?page_id=48"},"modified":"2020-06-29T06:12:25","modified_gmt":"2020-06-29T06:12:25","slug":"powerpoint","status":"publish","type":"page","link":"https:\/\/gexcel.ch\/formations2\/powerpoint\/","title":{"rendered":"PowerPoint"},"content":{"rendered":"<p>[su_box title=\u00a0\u00bb<\/p>\n<h3>Cours\u00a0PowerPoint<\/h3>\n<h1><\/h1>\n<p>\u00a0\u00bb box_color=\u00a0\u00bb#08c\u00a0\u00bb]<img loading=\"lazy\" decoding=\"async\" class=\"iconCours\" title=\"MS PowerPoint 2007\" src=\"http:\/\/formation-powerpoint.ch\/img\/icon_64_PowerPoint2007.png\" alt=\"MS PowerPoint 2007\" width=\"64\" height=\"64\" \/><\/p>\n<p>[su_pullquote]<\/p>\n<p><strong>PowerPoint<\/strong> (ou <strong>MS PowerPoint<\/strong>, officiellement <strong>Microsoft Office PowerPoint<\/strong>) est un programme de pr\u00e9sentation int\u00e9gr\u00e9 \u00e0 la suite bureautique Microsoft Office.<\/p>\n<p><strong>PowerPoint<\/strong> est utilis\u00e9 par les hommes d&rsquo;affaires, professeurs, \u00e9tudiants et formateurs et figure parmi les formes les plus r\u00e9pandues en mati\u00e8re de techniques de persuasion.<\/p>\n<p>[\/su_pullquote]<br \/>\n<strong>PowerPoint &#8211; Cr\u00e9ation de pr\u00e9sentations avec les assistants&lt;<\/strong><br \/>\nA la suite de ce cours, le participant sera \u00e0 m\u00eame de cr\u00e9er des pr\u00e9sentations simples avec les assistants pour un usage professionnel tout en \u00e9vitant les pi\u00e8ges connus.<\/p>\n<p><strong>PowerPoint &#8211; Gestion des images, diagrammes et graphiques<\/strong><br \/>\nLe participant sera \u00e0 m\u00eame de g\u00e9rer et de cr\u00e9er correctement des graphiques MS Excel dans PowerPoint ainsi que des organigrammes, diagrammes de flux tout en ayant connaissance des limites d&rsquo;utilisation (en comparaison avec MS Visio).<\/p>\n<p><strong>PowerPoint- Mise en forme de paragraphes et tableaux<\/strong><br \/>\nCr\u00e9er et g\u00e9rer d&rsquo;une mani\u00e8re professionnelle les paragraphes et tableaux de MS PowerPoint afin d&rsquo;\u00e9viter les pi\u00e8ges et probl\u00e8mes courants qui font perdre du temps dans la r\u00e9alisation de diaporamas.<\/p>\n<p><strong>PowerPoint &#8211; Cr\u00e9ation de pr\u00e9sentations complexes<\/strong><br \/>\nCe cours permet de donner une vue globale et condens\u00e9e des fonctionnalit\u00e9s avanc\u00e9es de MS PowerPoint.<\/p>\n<p><strong>PowerPoint &#8211; Animations et illustrations avanc\u00e9es<\/strong><br \/>\nCr\u00e9er des animations et illustrations avanc\u00e9es en prenant en compte les limites de MS PowerPoint par rapport \u00e0 des produits comme Adobe Photoshop, Illustrator, Flash ou autre.<\/p>\n<p><strong>PowerPoint &#8211; Cr\u00e9ation de mod\u00e8les<\/strong><br \/>\nApprendre toutes les finesses pour cr\u00e9er des mod\u00e8les de pr\u00e9sentation professionnels pour son entreprise.<\/p>\n<p><strong>PowerPoint &#8211; Gestion des objets multim\u00e9dias<\/strong><br \/>\n\u00catre \u00e0 m\u00eame d&rsquo;ins\u00e9rer selon diff\u00e9rentes techniques avec diff\u00e9rents r\u00e9sultats des types de m\u00e9dias courants tel que le MP3, WAV, WMW, WMA, DIVX, RM, SWF, AVI, FLV, etc. et de contr\u00f4ler leurs animations.<\/p>\n<p><strong>Programmes sur mesure<\/strong><br \/>\nPossibilit\u00e9 d&rsquo;organiser une formation enti\u00e8rement personnalis\u00e9e, sur mesure, afin d&rsquo;apprendre \u00e0 utiliser le logiciel selon vos besoins et votre niveau.<\/p>\n<p>[\/su_box]<\/p>\n<p>[su_tabs][su_tab title=\u00a0\u00bb<strong>PowerPoint \u00a0Fonctionnel<\/strong>\u00ab\u00a0]<\/p>\n<p>[su_spoiler title=\u00a0\u00bbPowerPoint D\u00e9couverte\u00a0\u00bb icon=\u00a0\u00bbfolder-2&Prime;]<\/p>\n<ul>\n<li>Conception d\u2019une pre\u0301sentation : conseils et principes d\u2019utilisation<\/li>\n<li>Environnement, outils et personnalisation &amp; affichages et leur ro\u0302le<\/li>\n<li>Pages de commentaires et pages de documents<\/li>\n<li>Cre\u0301ation de pre\u0301sentations a\u0300 partir de mode\u0300les &amp; the\u0300mes pre\u0301de\u0301finis<\/li>\n<li>Choix des dispositions &amp; espaces re\u0301serve\u0301s<\/li>\n<li>Options de correction automatique et re\u0301glages<\/li>\n<li>De\u0301placement, suppression, duplication et masquage des diapositives<\/li>\n<li>Mise en forme des textes et des paragraphes &amp; tabulations, puces<br \/>\net nume\u0301ros et hie\u0301rarchisations<\/li>\n<li>Insertion d\u2019objets : Zones de texte, WordArts, Images, Formes, SmartArts, Tableaux, Graphiques, Organigrammes &amp; modifications<\/li>\n<li>Organisation et gestion des objets &amp; outils de guidage<\/li>\n<li>Introduction aux animations personnalise\u0301es<\/li>\n<li>Introduction aux masques de diapositives &amp; arrie\u0300re-plans<\/li>\n<li>En-te\u0302tes et pieds de page &amp; nume\u0301rotation<\/li>\n<li>Mise en page et options d\u2019impression<\/li>\n<li>Transition des diapositives<\/li>\n<li>Re\u0301glage et pre\u0301sentation d\u2019un diaporama<\/li>\n<li>Les outils de pre\u0301sentation[\/su_spoiler]<\/li>\n<\/ul>\n<p>[su_spoiler title=\u00a0\u00bbPowerPoint Professionnel fonctionnel\u00a0\u00bb icon=\u00a0\u00bbfolder-2&Prime;]Perfectionnement a\u0300 la formation PowerPoint De\u0301couverte<\/p>\n<ul>\n<li>Mode plan &amp; interaction avec Word (cre\u0301ation a\u0300 partir de plan ou re\u0301utilisation de diapositives)<\/li>\n<li>Utilisation des sections<\/li>\n<li>Travailler avec plusieurs masques de diapositives et cre\u0301ation de<br \/>\ndispositions<\/li>\n<li>Cre\u0301ation de the\u0300mes personnalise\u0301s et arrie\u0300re-plans<\/li>\n<li>Liens hypertexte et boutons d\u2019action<\/li>\n<li>Animation de sons et de vide\u0301os<\/li>\n<li>Transitions avance\u0301es et re\u0301glage du minutage<\/li>\n<li>Fusion et comparaison de plusieurs pre\u0301sentations<\/li>\n<li>Communiquer avec d\u2019autres logiciels<\/li>\n<li>Parame\u0301trage, diffusion et publication de pre\u0301sentations<\/li>\n<li>Extraction de plusieurs diaporamas personnalise\u0301s (les courts)<\/li>\n<li>Parame\u0301trage avance\u0301 du diaporama<\/li>\n<li>Utilisation du mode \u00ab\u00a0Pre\u0301sentateur\u00a0\u00bb<\/li>\n<li>Protection et sauvegarde<\/li>\n<\/ul>\n<p>[\/su_spoiler]<\/p>\n<p>[\/su_tab]<\/p>\n<p>[su_tab title=\u00a0\u00bb<strong>PowerPoint \u00a0&#8211; English version<\/strong>\u00ab\u00a0]<\/p>\n<p>[su_spoiler title=\u00a0\u00bbPowerPoint Content\u00a0\u00bb icon=\u00a0\u00bbfolder-2&Prime;]<\/p>\n<p><strong>Fundamentals<\/strong><\/p>\n<p>Description of the Workspace<\/p>\n<p>The different views<\/p>\n<p>Modifying a presentation<\/p>\n<p>Using notes<\/p>\n<p>Managing a Slide Show with the slide sorter<\/p>\n<p>The slide elements<\/p>\n<p>Printing Handouts<\/p>\n<p>Using Help<\/p>\n<p>Office Interaction<\/p>\n<p>Using Clipboard and Task Pane<\/p>\n<p>Spelling and AutoCorrect<\/p>\n<p>The Drawing toolbar<\/p>\n<p>Format and resize graphics<\/p>\n<p>Create and modify hyperlinks<\/p>\n<p>Export \/ Import objects within Office software<\/p>\n<p>Create a presentation<\/p>\n<p>Auto Content Wizard<\/p>\n<p>Design Template<\/p>\n<p>From Blank presentation<\/p>\n<p>Insert a Table<\/p>\n<p>Insert a Chart<\/p>\n<p>Insert an org Chart<\/p>\n<p>Slide Layout<\/p>\n<p>Outline view and use<\/p>\n<p>Your Company template<\/p>\n<p>Introduction to the Master view<\/p>\n<p>Header and footer<\/p>\n<p>Drawings images and sounds<\/p>\n<p>The Drawing toolbar<\/p>\n<p>Create and modify shapes<\/p>\n<p>Alignment order and group<\/p>\n<p>Format shape<\/p>\n<p>Picture toolbar<\/p>\n<p>Insert picture<\/p>\n<p>Format &amp; Compress Pictures<\/p>\n<p>Create a photo Album<\/p>\n<p>Add sound<\/p>\n<p>Add a movie clip<\/p>\n<p>About movie file compression and size<\/p>\n<p>Slide Show &amp; Animations<\/p>\n<p>Import slides from other presentations<\/p>\n<p>Reorganize your slides<\/p>\n<p>Slides transitions effects<\/p>\n<p>Custom animation Add effects and effect Options<\/p>\n<p>Presentation tools the speaker notes<\/p>\n<p>Save different Custom shows and Timing<\/p>\n<p>Hyperlinks &amp; Navigation<\/p>\n<p>Insert and modify Hyperlinks<\/p>\n<p>Actions buttons<\/p>\n<p>Navigate through your slideshow<\/p>\n<p>Charts<\/p>\n<p>Chart Type<\/p>\n<p>Source Data<\/p>\n<p>Chart Options<\/p>\n<p>Add data<\/p>\n<p>Import existing Charts<\/p>\n<p>Animation effects<\/p>\n<p>Org Charts and Diagrams<\/p>\n<p>Create and modify Diagrams<\/p>\n<p>Import Org Charts<\/p>\n<p>Add data<\/p>\n<p>Add shape and connectors<\/p>\n<p>Creating Templates &amp; Slide Masters<\/p>\n<p>Managing Masters Slides<\/p>\n<p>Add your Logo<\/p>\n<p>Define the styles and design<\/p>\n<p>Change colors scheme<\/p>\n<p>About branding constrains<\/p>\n<p>Saving and managing templates<\/p>\n<p>[\/su_tab][\/su_tabs]<\/p>\n<p>N.B : Les descriptions de cours ci-dessus sont des exemples type tir\u00e9s de nos bases de donn\u00e9es.<\/p>\n<p>Elles peuvent \u00eatre\u00a0modifi\u00e9es \u00e0 tous moments, selon les versions d&rsquo;Office (2007\/2010\/2013\/365)<\/p>\n<p style=\"text-align: center;\">Pour toute information, n\u2019h\u00e9sitez pas \u00e0 <a href=\"https:\/\/gexcel.ch\/formations2\/nous-contacter-2\/\">nous contacter<\/a><\/p>\n<p style=\"text-align: center;\">Nous sommes avec plaisir \u00e0 votre disposition<br \/>\nToute l\u2019\u00e9quipe Gexcel<\/p>\n","protected":false},"excerpt":{"rendered":"<p>[su_box title=\u00a0\u00bb Cours\u00a0PowerPoint \u00a0\u00bb box_color=\u00a0\u00bb#08c\u00a0\u00bb] [su_pullquote] PowerPoint (ou MS PowerPoint, officiellement Microsoft Office PowerPoint) est un programme de pr\u00e9sentation int\u00e9gr\u00e9 \u00e0 la suite bureautique Microsoft Office. PowerPoint est utilis\u00e9 par les hommes d&rsquo;affaires, professeurs, \u00e9tudiants et formateurs et figure parmi les formes les plus r\u00e9pandues en mati\u00e8re de techniques de persuasion. [\/su_pullquote] PowerPoint &#8211; Cr\u00e9ation [&hellip;]<\/p>\n","protected":false},"author":1,"featured_media":0,"parent":0,"menu_order":0,"comment_status":"open","ping_status":"open","template":"","meta":{"footnotes":""},"class_list":["post-48","page","type-page","status-publish","czr-hentry"],"_links":{"self":[{"href":"https:\/\/gexcel.ch\/formations2\/wp-json\/wp\/v2\/pages\/48","targetHints":{"allow":["GET"]}}],"collection":[{"href":"https:\/\/gexcel.ch\/formations2\/wp-json\/wp\/v2\/pages"}],"about":[{"href":"https:\/\/gexcel.ch\/formations2\/wp-json\/wp\/v2\/types\/page"}],"author":[{"embeddable":true,"href":"https:\/\/gexcel.ch\/formations2\/wp-json\/wp\/v2\/users\/1"}],"replies":[{"embeddable":true,"href":"https:\/\/gexcel.ch\/formations2\/wp-json\/wp\/v2\/comments?post=48"}],"version-history":[{"count":23,"href":"https:\/\/gexcel.ch\/formations2\/wp-json\/wp\/v2\/pages\/48\/revisions"}],"predecessor-version":[{"id":1002,"href":"https:\/\/gexcel.ch\/formations2\/wp-json\/wp\/v2\/pages\/48\/revisions\/1002"}],"wp:attachment":[{"href":"https:\/\/gexcel.ch\/formations2\/wp-json\/wp\/v2\/media?parent=48"}],"curies":[{"name":"wp","href":"https:\/\/api.w.org\/{rel}","templated":true}]}}