{"id":46,"date":"2015-02-19T15:12:28","date_gmt":"2015-02-19T15:12:28","guid":{"rendered":"http:\/\/toshoptop.com\/formations2\/gxlstep2\/?page_id=46"},"modified":"2020-06-29T06:11:42","modified_gmt":"2020-06-29T06:11:42","slug":"excel","status":"publish","type":"page","link":"https:\/\/gexcel.ch\/formations2\/excel\/","title":{"rendered":"Excel"},"content":{"rendered":"<p>[su_box title=\u00a0\u00bb<\/p>\n<h3>Cours Excel<\/h3>\n<h1><\/h1>\n<p>\u00a0\u00bb box_color=\u00a0\u00bb#08c\u00a0\u00bb]<img loading=\"lazy\" decoding=\"async\" class=\"iconCours\" title=\"MS Excel 2007\" src=\"http:\/\/web.archive.org\/web\/20150210211052im_\/http:\/\/formation-excel.ch\/img\/icon_64_Excel2007.png\" alt=\"MS Excel 2007\" width=\"64\" height=\"64\" \/><\/p>\n<p>[su_pullquote]<\/p>\n<p><strong>Excel<\/strong> (ou <strong>MS Excel<\/strong>, officiellement <strong>Microsoft Office Excel<\/strong>) est un tableur-grapheur int\u00e9gr\u00e9 \u00e0 la suite bureautique Microsoft Office.<\/p>\n<p><strong>Excel<\/strong> permet de g\u00e9rer, traiter et visualiser de diff\u00e9rentes mani\u00e8res des donn\u00e9es organis\u00e9es par feuilles, elles-m\u00eame structur\u00e9es en lignes et en colonnes.<\/p>\n<p>[\/su_pullquote]<br \/>\n<strong>Excel &#8211; Cr\u00e9ation et mise en page de tableaux simples <\/strong><br \/>\nS&rsquo;initier \u00e0 l&rsquo;utilisation d&rsquo;un tableur, cr\u00e9er des petits tableaux et formules simples, transcrire les donn\u00e9es de petits tableaux en graphiques et mettre en page les documents pour l&rsquo;impression.<\/p>\n<p><strong>Excel- Graphiques<\/strong><br \/>\nMa\u00eetriser tous les diff\u00e9rents types de graphiques et leurs options de formatage, d&rsquo;analyse, d&rsquo;impression et de comportement dynamique.<\/p>\n<p><strong>Excel- Cr\u00e9ation de mod\u00e8les de classeurs<\/strong><br \/>\nAcqu\u00e9rir les techniques pour cr\u00e9er des tableaux et formulaires professionnels dans le but de les d\u00e9ployer en tant que mod\u00e8les de d\u00e9partements ou d&rsquo;entreprise.<\/p>\n<p><strong>Excel &#8211; Les fonctions essentielles de calcul<\/strong><br \/>\nApprendre \u00e0 utiliser les 85 fonctions MS Excel les plus courantes en statistiques, recherche de donn\u00e9es, gestion du temps, traitement de texte et apprendre \u00e0 les m\u00e9langer entre elles.<\/p>\n<p><strong>Excel &#8211; Formatage conditionnel<\/strong><br \/>\nL&rsquo;objectif de cette formation et d&rsquo;apprendre toutes les possibilit\u00e9s jusqu&rsquo;aux plus petites finesses du formatage conditionnel dans MS Excel 2010 associ\u00e9 \u00e0 des crit\u00e8res simples ou complexes.<\/p>\n<p><strong>Excel &#8211; Automatisation des t\u00e2ches avec les macros<\/strong><br \/>\nCe cours a pour objectif d&rsquo;apprendre au participant exp\u00e9riment\u00e9 comment automatiser \u00e0 l&rsquo;aide des macros enregistr\u00e9es certaines actions redondantes ou longues \u00e0 effectuer.<\/p>\n<p><strong>Excel &#8211; Tableaux et graphiques crois\u00e9s dynamiques<\/strong><br \/>\nExtraire des donn\u00e9es de diff\u00e9rentes sources et tirer profit des fonctions de calcul et de mise en forme des tableaux crois\u00e9s dynamiques pour la synth\u00e8se et le reporting rapide d&rsquo;\u00e9chantillons de donn\u00e9es.<\/p>\n<p><strong>Excel &#8211; Gestion des listes et bases de donn\u00e9es <\/strong><br \/>\nApprendre les techniques utiles et indispensables \u00e0 la gestion, la synth\u00e8se et l&rsquo;analyse de grandes listes de donn\u00e9es avec les outils standards de MS Excel.<\/p>\n<p><strong>Excel &#8211; Importation et exportation des donn\u00e9es <\/strong><br \/>\nApprendre \u00e0 importer\/exporter des donn\u00e9es correctement dans ou de MS Excel en utilisant les diff\u00e9rents formats d&rsquo;export\/import disponibles.<\/p>\n<p><strong>Excel &#8211; Travail collaboratif et s\u00e9curit\u00e9 <\/strong><br \/>\nApprendre \u00e0 activer et \u00e0 g\u00e9rer le travail collaboratif (multi-utilisateurs) en entreprise sur des classeurs partag\u00e9s.<br \/>\n<strong>Programme sur mesure<\/strong><\/p>\n<p>Possibilit\u00e9 d&rsquo;organiser une formation enti\u00e8rement personnalis\u00e9e, sur mesure, afin d&rsquo;apprendre \u00e0 utiliser le logiciel selon vos besoins et votre niveau.<\/p>\n<p>[\/su_box]<\/p>\n<p>N.B : Les descriptions de cours ci-dessus sont des exemples type tir\u00e9s de nos bases de donn\u00e9es.<\/p>\n<p>Elles peuvent \u00eatre\u00a0modifi\u00e9es \u00e0 tous moments, selon les versions d&rsquo;Office (2007\/2010\/2013\/365)<\/p>\n<p style=\"text-align: center;\">Pour toute information, n\u2019h\u00e9sitez pas \u00e0 <a href=\"https:\/\/gexcel.ch\/formations2\/nous-contacter-2\/\">nous contacter<\/a><\/p>\n<p style=\"text-align: center;\">Nous sommes avec plaisir \u00e0 votre disposition<br \/>\nToute l\u2019\u00e9quipe Gexcel<\/p>\n","protected":false},"excerpt":{"rendered":"<p>[su_box title=\u00a0\u00bb Cours Excel \u00a0\u00bb box_color=\u00a0\u00bb#08c\u00a0\u00bb] [su_pullquote] Excel (ou MS Excel, officiellement Microsoft Office Excel) est un tableur-grapheur int\u00e9gr\u00e9 \u00e0 la suite bureautique Microsoft Office. Excel permet de g\u00e9rer, traiter et visualiser de diff\u00e9rentes mani\u00e8res des donn\u00e9es organis\u00e9es par feuilles, elles-m\u00eame structur\u00e9es en lignes et en colonnes. [\/su_pullquote] Excel &#8211; Cr\u00e9ation et mise en page [&hellip;]<\/p>\n","protected":false},"author":1,"featured_media":0,"parent":0,"menu_order":0,"comment_status":"open","ping_status":"open","template":"","meta":{"footnotes":""},"class_list":["post-46","page","type-page","status-publish","czr-hentry"],"_links":{"self":[{"href":"https:\/\/gexcel.ch\/formations2\/wp-json\/wp\/v2\/pages\/46","targetHints":{"allow":["GET"]}}],"collection":[{"href":"https:\/\/gexcel.ch\/formations2\/wp-json\/wp\/v2\/pages"}],"about":[{"href":"https:\/\/gexcel.ch\/formations2\/wp-json\/wp\/v2\/types\/page"}],"author":[{"embeddable":true,"href":"https:\/\/gexcel.ch\/formations2\/wp-json\/wp\/v2\/users\/1"}],"replies":[{"embeddable":true,"href":"https:\/\/gexcel.ch\/formations2\/wp-json\/wp\/v2\/comments?post=46"}],"version-history":[{"count":9,"href":"https:\/\/gexcel.ch\/formations2\/wp-json\/wp\/v2\/pages\/46\/revisions"}],"predecessor-version":[{"id":1000,"href":"https:\/\/gexcel.ch\/formations2\/wp-json\/wp\/v2\/pages\/46\/revisions\/1000"}],"wp:attachment":[{"href":"https:\/\/gexcel.ch\/formations2\/wp-json\/wp\/v2\/media?parent=46"}],"curies":[{"name":"wp","href":"https:\/\/api.w.org\/{rel}","templated":true}]}}