{"id":44,"date":"2015-02-19T15:12:16","date_gmt":"2015-02-19T15:12:16","guid":{"rendered":"http:\/\/toshoptop.com\/formations2\/gxlstep2\/?page_id=44"},"modified":"2020-06-29T06:10:56","modified_gmt":"2020-06-29T06:10:56","slug":"word","status":"publish","type":"page","link":"https:\/\/gexcel.ch\/formations2\/word\/","title":{"rendered":"Word"},"content":{"rendered":"<p>[su_box title=\u00a0\u00bbCours Word\u00a0\u00bb box_color=\u00a0\u00bb#08c\u00a0\u00bb]<\/p>\n<p><img decoding=\"async\" src=\"http:\/\/web.archive.org\/web\/20150210194535im_\/http:\/\/formation-word.ch\/img\/icon_64_Word2007.png\" alt=\"MS Word 2007\" \/><\/p>\n<p>[su_pullquote]<\/p>\n<h3>Word<\/h3>\n<p>(ou <strong>MS Word<\/strong>, officiellement <strong>Microsoft Office Word<\/strong>) est un logiciel de traitement de texte int\u00e9gr\u00e9 \u00e0 la suite bureautique Microsoft Office.<\/p>\n<p><strong>Word<\/strong> int\u00e8gre un outil de dessin qui permet d&rsquo;effectuer des op\u00e9rations de publication comme l&rsquo;ajout de graphiques (diagrammes, graphiques \u00e9conomiques, formes g\u00e9om\u00e9triques, illustrations, \u00e9quations, etc.) aux documents.<\/p>\n<p>[\/su_pullquote]<\/p>\n<p><strong>Word &#8211; Mise en forme de paragraphes et listes<\/strong><br \/>\nApprendre les techniques professionnelles pour g\u00e9rer la mise en page et la mise en forme de documents de taille moyenne et r\u00e9soudre les probl\u00e8mes relatifs aux puces et num\u00e9rotations.<\/p>\n<p><strong>Word &#8211; Cr\u00e9ation de lettres types<\/strong><br \/>\nLe cours est ax\u00e9 sur les m\u00e9thodes rigoureuses, rapides et propres de r\u00e9daction et r\u00e9vision de lettres types professionnelles.<\/p>\n<p><strong>Word &#8211; Gestion des images et illustrations<\/strong><br \/>\nAcqu\u00e9rir la ma\u00eetrise de la gestion des images dans un document MS Word au niveau de l&rsquo;insertion, la cr\u00e9ation, le positionnement et l&rsquo;optimisation de la m\u00e9moire.<\/p>\n<p><strong>Word &#8211; Cr\u00e9ation et mise en forme de tableaux<\/strong><br \/>\nApprendre \u00e0 cr\u00e9er et g\u00e9rer des tableaux simples et complexes avec des mises en forme \u00e9labor\u00e9es et des champs de calculs dynamiques. Voir \u00e9galement la limite de la gestion des tableaux dans MS Word par rapport \u00e0 MS Publisher.<\/p>\n<p><strong>Word &#8211; Publipostage<\/strong><br \/>\nApprendre \u00e0 utiliser le publipostages de lettres, d&rsquo;\u00e9tiquettes, d&rsquo;enveloppes ou de catalogues avec ou sans tests de conditions et avec des donn\u00e9es provenant de diff\u00e9rentes sources (Word, Excel, Access, Outlook).<\/p>\n<p><strong>Word &#8211; Travail en groupe<\/strong><br \/>\nApprendre les techniques modernes de travail collaboratif dans le but de ne plus utiliser le papier pour la correction ou la r\u00e9vision de documents et ainsi pouvoir gagner du temps.<\/p>\n<p><strong>Word &#8211; Cr\u00e9ation de publications complexes<\/strong><br \/>\nUtiliser MS Word pour cr\u00e9er des documents courts et longs avec des mises en pages graphiquement complexes, apprendre \u00e0 conna\u00eetre les trucs et astuces du logiciel pour l&rsquo;utiliser dans ses limites du cadre de la publication (P.A.O.).<\/p>\n<p><strong>Word &#8211; Cr\u00e9ation de longs documents<\/strong><br \/>\nSavoir g\u00e9rer les en-t\u00eates et pieds de pages multiples, les sections multiples, les styles avec les techniques propres aux longs documents. g\u00e9n\u00e9rer une (unique) table des mati\u00e8res, un unique index et une table des r\u00e9f\u00e9rences, g\u00e9rer le fractionnement des gros fichiers et le travail en groupe.<\/p>\n<p><strong>Word &#8211; Mod\u00e8les de documents et formulaires<\/strong><br \/>\nEtudier, \u00e0 travers la cr\u00e9ation de formulaires professionnels, la manipulation et la gestion de mod\u00e8les d&rsquo;entreprise.<\/p>\n<p><strong>Word &#8211; Techniques pour la cr\u00e9ation de livres<\/strong><br \/>\nAcqu\u00e9rir les techniques et astuces pour travailler sur de livres. Seront abord\u00e9s : comment cr\u00e9er des tables des mati\u00e8res et index multiples, des tables bibliographiques et nous reviendrons sur le travail en mode ma\u00eetre. Pendant la formation le participant pourra s&rsquo;entra\u00eener sur un document de plusieurs milliers de pages.<\/p>\n<p><strong>Programmes sur mesure<\/strong><br \/>\nPossibilit\u00e9 d&rsquo;organiser une formation enti\u00e8rement personnalis\u00e9e, sur mesure, afin d&rsquo;apprendre \u00e0 utiliser le logiciel selon vos besoins et votre niveau.<\/p>\n<p>[\/su_box]<\/p>\n<p>N.B : Les descriptions de cours ci-dessus sont des exemples type tir\u00e9s de nos bases de donn\u00e9es.<\/p>\n<p>Elles peuvent \u00eatre\u00a0modifi\u00e9es \u00e0 tous moments, selon les versions d&rsquo;Office (2007\/2010\/2013\/365)<\/p>\n<p style=\"text-align: center;\">Pour toute information, n\u2019h\u00e9sitez pas \u00e0 <a href=\"https:\/\/gexcel.ch\/formations2\/nous-contacter-2\/\">nous contacter<\/a><\/p>\n<p style=\"text-align: center;\">Nous sommes avec plaisir \u00e0 votre disposition<br \/>\nToute l\u2019\u00e9quipe Gexcel<\/p>\n","protected":false},"excerpt":{"rendered":"<p>[su_box title=\u00a0\u00bbCours Word\u00a0\u00bb box_color=\u00a0\u00bb#08c\u00a0\u00bb] [su_pullquote] Word (ou MS Word, officiellement Microsoft Office Word) est un logiciel de traitement de texte int\u00e9gr\u00e9 \u00e0 la suite bureautique Microsoft Office. Word int\u00e8gre un outil de dessin qui permet d&rsquo;effectuer des op\u00e9rations de publication comme l&rsquo;ajout de graphiques (diagrammes, graphiques \u00e9conomiques, formes g\u00e9om\u00e9triques, illustrations, \u00e9quations, etc.) aux documents. [\/su_pullquote] [&hellip;]<\/p>\n","protected":false},"author":1,"featured_media":0,"parent":0,"menu_order":0,"comment_status":"open","ping_status":"open","template":"","meta":{"footnotes":""},"class_list":["post-44","page","type-page","status-publish","czr-hentry"],"_links":{"self":[{"href":"https:\/\/gexcel.ch\/formations2\/wp-json\/wp\/v2\/pages\/44","targetHints":{"allow":["GET"]}}],"collection":[{"href":"https:\/\/gexcel.ch\/formations2\/wp-json\/wp\/v2\/pages"}],"about":[{"href":"https:\/\/gexcel.ch\/formations2\/wp-json\/wp\/v2\/types\/page"}],"author":[{"embeddable":true,"href":"https:\/\/gexcel.ch\/formations2\/wp-json\/wp\/v2\/users\/1"}],"replies":[{"embeddable":true,"href":"https:\/\/gexcel.ch\/formations2\/wp-json\/wp\/v2\/comments?post=44"}],"version-history":[{"count":12,"href":"https:\/\/gexcel.ch\/formations2\/wp-json\/wp\/v2\/pages\/44\/revisions"}],"predecessor-version":[{"id":998,"href":"https:\/\/gexcel.ch\/formations2\/wp-json\/wp\/v2\/pages\/44\/revisions\/998"}],"wp:attachment":[{"href":"https:\/\/gexcel.ch\/formations2\/wp-json\/wp\/v2\/media?parent=44"}],"curies":[{"name":"wp","href":"https:\/\/api.w.org\/{rel}","templated":true}]}}