{"id":426,"date":"2015-03-29T06:04:32","date_gmt":"2015-03-29T06:04:32","guid":{"rendered":"http:\/\/toshoptop.com\/formations2\/gxlstep2\/?page_id=426"},"modified":"2020-06-29T06:16:49","modified_gmt":"2020-06-29T06:16:49","slug":"formation-ecdl","status":"publish","type":"page","link":"https:\/\/gexcel.ch\/formations2\/formation-ecdl\/","title":{"rendered":"Formation ECDL"},"content":{"rendered":"<p>[su_box title=\u00a0\u00bb<\/p>\n<h3>Formation ECDL Start<\/h3>\n<p>\u00a0\u00bb box_color=\u00a0\u00bb#08c\u00a0\u00bb]<img decoding=\"async\" src=\"http:\/\/www.ecdl.org\/media\/ECDL-Foundation-Logo1.png\" alt=\"ECDL Foundation\" \/><\/p>\n<p>[su_pullquote]<\/p>\n<p style=\"text-align: left;\">\n<p style=\"text-align: left;\">Cette formation, se veut une formation bureautique compl\u00e8te de base valid\u00e9e par une certification reconnue sur le plan europ\u00e9en. Elle est compos\u00e9e de 4 modules , Word, PowerPoint, Excel, Outlook et Internet. Une remise \u00e0 niveau de Windows, indispensable au bon d\u00e9roulement de la formation, est comprise dans ce cours.<br \/>\nQu\u2019est-ce que l\u2019ECDL ?\u00a0: Une certification informatique mondialement reconnue gr\u00e2ce \u00e0 une homologation internationale. En savoir plus, <a href=\"http:\/\/www.ecdl.ch\/fr\/\" target=\"_blank\" rel=\"noopener noreferrer\">cliquer<\/a><\/p>\n<p>[\/su_pullquote]<\/p>\n<header class=\"csc-header csc-header-n1\">\n<h3>ECDL pour candidats, \u00e9coles et entreprises<\/h3>\n<h2><img loading=\"lazy\" decoding=\"async\" class=\"alignright size-full wp-image-420\" title=\"ecdl_img_sh\" src=\"http:\/\/informakit.ch\/wp-content\/uploads\/2012\/04\/ecdl_img_sh.png\" alt=\"\" width=\"133\" height=\"168\" \/><\/h2>\n<\/header>\n<div class=\"csc-textpic-text\">\n<p class=\"bodytext\">L\u2019ECDL (European Computer Driving Licence) est un certificat internationalement reconnu attestant les comp\u00e9tences pratiques d\u2019utilisation des applications informatiques les plus courantes. Il existe actuellement <a class=\"internal-link\" title=\"Ouvre un lien interne dans la fen\u00eatre courante\" href=\"http:\/\/www.ecdl.ch\/fr\/certificats-et-modules\/\">14 modules ECDL<\/a> et cinq certificats, qui couvrent les exigences modernes en mati\u00e8re de connaissances num\u00e9riques. Les examens sont propos\u00e9s sur PC et Mac, dans pr\u00e8s de 300 <a class=\"internal-link\" title=\"Ouvre un lien interne dans la fen\u00eatre courante\" href=\"http:\/\/www.ecdl.ch\/fr\/lieux-d-examen\/\">Centres de test<\/a>: \u00e9coles secondaires et professionnelles, instituts priv\u00e9s de formation et de perfectionnement, entreprises et administrations.<\/p>\n<p class=\"bodytext\">L\u2019ECDL apporte une plus-value au CV des <a class=\"internal-link\" title=\"Ouvre un lien interne dans la fen\u00eatre courante\" href=\"http:\/\/www.ecdl.ch\/fr\/candidats\/quatre-etapes-pour-lecdl\/\">personnes qui suivent une premi\u00e8re formation ou une formation continue<\/a>.<\/p>\n<p class=\"bodytext\">Le programme ECDL s\u2019est d\u00e9j\u00e0 impos\u00e9 dans de nombreuses \u00e9coles secondaires et jouit d\u2019une grande popularit\u00e9 en tant que mati\u00e8re optionelle ou facultative. Gr\u00e2ce \u00e0 la structure modulaire de l\u2019ECDL, les th\u00e8mes peuvent \u00eatre choisis en fonction des formations continues.<\/p>\n<p class=\"bodytext\">En proposant l\u2019ECDL, les <a class=\"internal-link\" title=\"Ouvre un lien interne dans la fen\u00eatre courante\" href=\"http:\/\/www.ecdl.ch\/fr\/ecoles\/lecole-et-lecdl\/\">\u00e9coles et centres de formation<\/a> augmentent les chances de leurs \u00e9l\u00e8ves et \u00e9tudiants et \u00e9toffent leur palette de prestations (de formation continue).<\/p>\n<p class=\"bodytext\">Avec les certificats ECDL, les <a class=\"internal-link\" title=\"Ouvre un lien interne dans la fen\u00eatre courante\" href=\"http:\/\/www.ecdl.ch\/fr\/entreprises-et-organisations\/lavantage-pour-entreprises\/\">entreprises et organisations<\/a> garantissent \u00e0 leurs collaborateurs de solides connaissances dans l\u2019utilisation quotidienne des programmes Office, syst\u00e8mes d\u2019exploitation et applications Internet les plus courants. Les <a class=\"internal-link\" title=\"Ouvre un lien interne dans la fen\u00eatre courante\" href=\"http:\/\/www.ecdl.ch\/fr\/entreprises-et-organisations\/examens\/\">tests en ligne<\/a> servent \u00e9galement \u00e0 l\u2019\u00e9valuation objective des connaissances, par exemple pour le recrutement de personnel.<\/p>\n<p class=\"bodytext\">Plus de 13 millions de personnes ont d\u00e9j\u00e0 particip\u00e9 au programme de certification de la <a class=\"internal-link\" title=\"Ouvre un lien interne dans la fen\u00eatre courante\" href=\"http:\/\/www.ecdl.ch\/fr\/ecdl\/a-propos-d-ecdl\/la-fondtion-ecdl\/\">Fondation ECDL<\/a>, en 42 langues, dans 148 pays et au sein d\u2019un r\u00e9seau de plus de 24&rsquo;000 Centres de test.<\/p>\n<\/div>\n<p>[\/su_box]<\/p>\n<p style=\"text-align: center;\">Pour toute information, n\u2019h\u00e9sitez pas \u00e0 <a href=\"https:\/\/gexcel.ch\/formations2\/nous-contacter-2\/\">nous contacter<\/a><\/p>\n<p style=\"text-align: center;\">Nous sommes avec plaisir \u00e0 votre disposition<br \/>\nToute l\u2019\u00e9quipe Gexcel<\/p>\n","protected":false},"excerpt":{"rendered":"<p>[su_box title=\u00a0\u00bb Formation ECDL Start \u00a0\u00bb box_color=\u00a0\u00bb#08c\u00a0\u00bb] [su_pullquote] Cette formation, se veut une formation bureautique compl\u00e8te de base valid\u00e9e par une certification reconnue sur le plan europ\u00e9en. Elle est compos\u00e9e de 4 modules , Word, PowerPoint, Excel, Outlook et Internet. Une remise \u00e0 niveau de Windows, indispensable au bon d\u00e9roulement de la formation, est comprise [&hellip;]<\/p>\n","protected":false},"author":1,"featured_media":0,"parent":0,"menu_order":0,"comment_status":"open","ping_status":"open","template":"","meta":{"footnotes":""},"class_list":["post-426","page","type-page","status-publish","czr-hentry"],"_links":{"self":[{"href":"https:\/\/gexcel.ch\/formations2\/wp-json\/wp\/v2\/pages\/426","targetHints":{"allow":["GET"]}}],"collection":[{"href":"https:\/\/gexcel.ch\/formations2\/wp-json\/wp\/v2\/pages"}],"about":[{"href":"https:\/\/gexcel.ch\/formations2\/wp-json\/wp\/v2\/types\/page"}],"author":[{"embeddable":true,"href":"https:\/\/gexcel.ch\/formations2\/wp-json\/wp\/v2\/users\/1"}],"replies":[{"embeddable":true,"href":"https:\/\/gexcel.ch\/formations2\/wp-json\/wp\/v2\/comments?post=426"}],"version-history":[{"count":4,"href":"https:\/\/gexcel.ch\/formations2\/wp-json\/wp\/v2\/pages\/426\/revisions"}],"predecessor-version":[{"id":1012,"href":"https:\/\/gexcel.ch\/formations2\/wp-json\/wp\/v2\/pages\/426\/revisions\/1012"}],"wp:attachment":[{"href":"https:\/\/gexcel.ch\/formations2\/wp-json\/wp\/v2\/media?parent=426"}],"curies":[{"name":"wp","href":"https:\/\/api.w.org\/{rel}","templated":true}]}}