{"id":22,"date":"2015-02-19T14:50:58","date_gmt":"2015-02-19T14:50:58","guid":{"rendered":"http:\/\/toshoptop.com\/formations2\/gxlstep2\/?page_id=22"},"modified":"2020-06-29T06:22:31","modified_gmt":"2020-06-29T06:22:31","slug":"wordpress","status":"publish","type":"page","link":"https:\/\/gexcel.ch\/formations2\/wordpress\/","title":{"rendered":"WordPress"},"content":{"rendered":"<p>[su_box title=\u00a0\u00bb<\/p>\n<h1>WordPress &#8211; cr\u00e9ation de site web \/ blog<\/h1>\n<p>\u00a0\u00bb box_color=\u00a0\u00bb#08c\u00a0\u00bb]<\/p>\n<p>[su_pullquote]<\/p>\n<p>CMS &#8211; profil Administrateur<br \/>\nFormation Base \u00e0 Interm\u00e9diaire<\/p>\n<h4>OBJECTIFS<\/h4>\n<div class=\"field-items\">\n<h4>\u00catre capable de :<\/h4>\n<ul>\n<li>Cr\u00e9er un site Internet ou blog en utilisant le syst\u00e8me de gestion de contenu (CMS) WordPress<\/li>\n<li>Param\u00e9trer et personnaliser le syst\u00e8me de mani\u00e8re avanc\u00e9e pour pr\u00e9senter les informations souhait\u00e9es<\/li>\n<li>Mettre \u00e0 jour, maintenir et assurer la p\u00e9rennit\u00e9 du site Internet ainsi cr\u00e9\u00e9<\/li>\n<\/ul>\n<div class=\"field field-name-field-pre-requis field-type-text-long field-label-above\">\n<h4>Pr\u00e9-requis<\/h4>\n<div class=\"field-items\">\n<p>Aisance dans l\u2019utilisation d\u2019Internet (utilisation des moteurs de recherche, courrier \u00e9lectronique\u2026).<br \/>\nBonnes connaissances de base d\u2019un langage de programmation (tel que HTML, PHP, Java, etc.).<br \/>\nLa compr\u00e9hension \u00e9crite de l\u2019anglais constitue un atout.<\/p>\n<h4>PUBLIC<\/h4>\n<div class=\"field-items\">\n<p>Tout professionnel qui souhaite communiquer sur Internet \u00e0 l\u2019aide d\u2019un site ou blog, facilitant l\u2019interaction et le partage d\u2019information avec les internautes, tel que : webmaster, webdeveloper, webdesigner, graphiste, \u00e9diteur, informaticien, charg\u00e9 de marketing et communication&#8230;<\/p>\n<\/div>\n<\/div>\n<\/div>\n<div class=\"field field-name-field-public field-type-text-long field-label-above\"><\/div>\n<\/div>\n<p><span style=\"line-height: 1.5;\">[\/su_pullquote]<\/span><\/p>\n<p><a href=\"https:\/\/gexcel.ch\/formations2\/wordpress-base\/\">WordPress &#8211;\u00a0base<\/a><\/p>\n<p><a href=\"https:\/\/gexcel.ch\/formations2\/wordpress-avance\/\">WordPress &#8211;\u00a0avanc\u00e9<\/a><\/p>\n<p><a href=\"https:\/\/gexcel.ch\/formations2\/wordpress-ateliers\/\">WordPress &#8211;\u00a0ateliers<\/a><\/p>\n<p>[\/su_box]<\/p>\n<p style=\"text-align: center;\">Pour toute information, n\u2019h\u00e9sitez pas \u00e0 <a href=\"https:\/\/gexcel.ch\/formations2\/nous-contacter-2\/\">nous contacter<\/a><\/p>\n<p style=\"text-align: center;\">Nous sommes avec plaisir \u00e0 votre disposition<br \/>\nToute l\u2019\u00e9quipe Gexcel<\/p>\n<div class=\"field field-name-field-public field-type-text-long field-label-above\"><\/div>\n","protected":false},"excerpt":{"rendered":"<p>[su_box title=\u00a0\u00bb WordPress &#8211; cr\u00e9ation de site web \/ blog \u00a0\u00bb box_color=\u00a0\u00bb#08c\u00a0\u00bb] [su_pullquote] CMS &#8211; profil Administrateur Formation Base \u00e0 Interm\u00e9diaire OBJECTIFS \u00catre capable de : Cr\u00e9er un site Internet ou blog en utilisant le syst\u00e8me de gestion de contenu (CMS) WordPress Param\u00e9trer et personnaliser le syst\u00e8me de mani\u00e8re avanc\u00e9e pour pr\u00e9senter les informations souhait\u00e9es [&hellip;]<\/p>\n","protected":false},"author":1,"featured_media":96,"parent":0,"menu_order":0,"comment_status":"open","ping_status":"open","template":"","meta":{"footnotes":""},"class_list":["post-22","page","type-page","status-publish","has-post-thumbnail","czr-hentry"],"_links":{"self":[{"href":"https:\/\/gexcel.ch\/formations2\/wp-json\/wp\/v2\/pages\/22","targetHints":{"allow":["GET"]}}],"collection":[{"href":"https:\/\/gexcel.ch\/formations2\/wp-json\/wp\/v2\/pages"}],"about":[{"href":"https:\/\/gexcel.ch\/formations2\/wp-json\/wp\/v2\/types\/page"}],"author":[{"embeddable":true,"href":"https:\/\/gexcel.ch\/formations2\/wp-json\/wp\/v2\/users\/1"}],"replies":[{"embeddable":true,"href":"https:\/\/gexcel.ch\/formations2\/wp-json\/wp\/v2\/comments?post=22"}],"version-history":[{"count":8,"href":"https:\/\/gexcel.ch\/formations2\/wp-json\/wp\/v2\/pages\/22\/revisions"}],"predecessor-version":[{"id":1024,"href":"https:\/\/gexcel.ch\/formations2\/wp-json\/wp\/v2\/pages\/22\/revisions\/1024"}],"wp:featuredmedia":[{"embeddable":true,"href":"https:\/\/gexcel.ch\/formations2\/wp-json\/wp\/v2\/media\/96"}],"wp:attachment":[{"href":"https:\/\/gexcel.ch\/formations2\/wp-json\/wp\/v2\/media?parent=22"}],"curies":[{"name":"wp","href":"https:\/\/api.w.org\/{rel}","templated":true}]}}