{"id":217,"date":"2015-03-05T04:46:10","date_gmt":"2015-03-05T04:46:10","guid":{"rendered":"http:\/\/toshoptop.com\/formations2\/gxlstep2\/?page_id=217"},"modified":"2020-06-29T06:24:25","modified_gmt":"2020-06-29T06:24:25","slug":"wordpress-ateliers","status":"publish","type":"page","link":"https:\/\/gexcel.ch\/formations2\/wordpress-ateliers\/","title":{"rendered":"WordPress Ateliers"},"content":{"rendered":"<p style=\"text-align: center;\">Pour toute information, n\u2019h\u00e9sitez pas \u00e0 <a href=\"https:\/\/gexcel.ch\/formations2\/nous-contacter-2\/\">nous contacter<\/a><\/p>\n<p style=\"text-align: center;\">Nous sommes avec plaisir \u00e0 votre disposition<br \/>\nToute l\u2019\u00e9quipe Gexcel<\/p>\n","protected":false},"excerpt":{"rendered":"<p>Pour toute information, n\u2019h\u00e9sitez pas \u00e0 nous contacter Nous sommes avec plaisir \u00e0 votre disposition Toute l\u2019\u00e9quipe Gexcel<\/p>\n","protected":false},"author":1,"featured_media":0,"parent":0,"menu_order":0,"comment_status":"open","ping_status":"open","template":"","meta":{"footnotes":""},"class_list":["post-217","page","type-page","status-publish","czr-hentry"],"_links":{"self":[{"href":"https:\/\/gexcel.ch\/formations2\/wp-json\/wp\/v2\/pages\/217","targetHints":{"allow":["GET"]}}],"collection":[{"href":"https:\/\/gexcel.ch\/formations2\/wp-json\/wp\/v2\/pages"}],"about":[{"href":"https:\/\/gexcel.ch\/formations2\/wp-json\/wp\/v2\/types\/page"}],"author":[{"embeddable":true,"href":"https:\/\/gexcel.ch\/formations2\/wp-json\/wp\/v2\/users\/1"}],"replies":[{"embeddable":true,"href":"https:\/\/gexcel.ch\/formations2\/wp-json\/wp\/v2\/comments?post=217"}],"version-history":[{"count":3,"href":"https:\/\/gexcel.ch\/formations2\/wp-json\/wp\/v2\/pages\/217\/revisions"}],"predecessor-version":[{"id":1030,"href":"https:\/\/gexcel.ch\/formations2\/wp-json\/wp\/v2\/pages\/217\/revisions\/1030"}],"wp:attachment":[{"href":"https:\/\/gexcel.ch\/formations2\/wp-json\/wp\/v2\/media?parent=217"}],"curies":[{"name":"wp","href":"https:\/\/api.w.org\/{rel}","templated":true}]}}