{"id":20,"date":"2015-02-19T14:50:42","date_gmt":"2015-02-19T14:50:42","guid":{"rendered":"http:\/\/toshoptop.com\/formations2\/gxlstep2\/?page_id=20"},"modified":"2020-06-29T04:31:30","modified_gmt":"2020-06-29T04:31:30","slug":"adobe","status":"publish","type":"page","link":"https:\/\/gexcel.ch\/formations2\/adobe\/","title":{"rendered":"Adobe"},"content":{"rendered":"<p>[su_box title=\u00a0\u00bb<\/p>\n<h1>Les cours des logiciels Adobe<\/h1>\n<p>\u00a0\u00bb box_color=\u00a0\u00bb#08c\u00a0\u00bb]\u00a0\u00a0\u00a0\u00a0<a href=\"https:\/\/gexcel.ch\/formations2\/wp-content\/uploads\/2015\/02\/adobesuite.jpg\"><img loading=\"lazy\" decoding=\"async\" class=\"alignnone  wp-image-812\" src=\"https:\/\/gexcel.ch\/formations2\/wp-content\/uploads\/2015\/02\/adobesuite-300x153.jpg\" alt=\"adobesuite\" width=\"161\" height=\"82\" srcset=\"https:\/\/gexcel.ch\/formations2\/wp-content\/uploads\/2015\/02\/adobesuite-300x153.jpg 300w, https:\/\/gexcel.ch\/formations2\/wp-content\/uploads\/2015\/02\/adobesuite.jpg 496w\" sizes=\"auto, (max-width: 161px) 100vw, 161px\" \/><\/a><\/p>\n<p>[su_pullquote]<\/p>\n<p>Introduction<br \/>\nUn \u00a0processus num\u00e9rique comprend<\/p>\n<p>1) L\u2019<strong>importation<\/strong> d&rsquo;\u00a0images dans un\u00a0ordinateur \u00e0 partir de diff\u00e9rentes sources comme :<\/p>\n<p>un scanner,<br \/>\nun\u00a0appareil photo num\u00e9rique,<br \/>\nun support CD\u00a0ou DVD<br \/>\nune cl\u00e9 USB<br \/>\nun t\u00e9l\u00e9chargement provenant d&rsquo;Internet<\/p>\n<p>2) L\u2019<strong>\u00e9dition<\/strong>, avec ou sans retouches, dans un\u00a0logiciel de traitement d\u2019images, comme <strong>Photoshop<\/strong><\/p>\n<p>3) La <strong>gestion<\/strong>\u00a0des fichiers graphiques pour les enregistrer, les dupliquer , les effacer &#8230;<\/p>\n<p>4) La <strong>finalisation<\/strong>, de ces fichiers graphiques, afin de les\u00a0imprimer, publier ou exporter sur des sites Internet<\/p>\n<p>[\/su_pullquote]<\/p>\n<p><strong>\u00a0\u00a0 Traitement des images<\/strong><\/p>\n<p><a href=\"https:\/\/gexcel.ch\/formations2\/wp-content\/uploads\/2015\/02\/chaine-graphique.png\"><img loading=\"lazy\" decoding=\"async\" class=\"alignnone  wp-image-809\" src=\"https:\/\/gexcel.ch\/formations2\/wp-content\/uploads\/2015\/02\/chaine-graphique-300x283.png\" alt=\"chaine graphique\" width=\"374\" height=\"353\" srcset=\"https:\/\/gexcel.ch\/formations2\/wp-content\/uploads\/2015\/02\/chaine-graphique-300x283.png 300w, https:\/\/gexcel.ch\/formations2\/wp-content\/uploads\/2015\/02\/chaine-graphique.png 316w\" sizes=\"auto, (max-width: 374px) 100vw, 374px\" \/><\/a><\/p>\n<div id=\"bg_bas\"><\/div>\n<p>[\/su_box]<\/p>\n<h1><\/h1>\n<p>N.B : Les descriptions de cours ci-dessus sont des exemples type tir\u00e9s de nos bases de donn\u00e9es.<\/p>\n<p>Elles peuvent \u00eatre\u00a0modifi\u00e9es \u00e0 tous moments.<\/p>\n<p>Des formations sur mesure sont possibles.<\/p>\n<p>Pour toute information, n\u2019h\u00e9sitez pas \u00e0 <a href=\"https:\/\/gexcel.ch\/formations2\/nous-contacter-2\/\">nous contacter<\/a><\/p>\n","protected":false},"excerpt":{"rendered":"<p>[su_box title=\u00a0\u00bb Les cours des logiciels Adobe \u00a0\u00bb box_color=\u00a0\u00bb#08c\u00a0\u00bb]\u00a0\u00a0\u00a0\u00a0 [su_pullquote] Introduction Un \u00a0processus num\u00e9rique comprend 1) L\u2019importation d&rsquo;\u00a0images dans un\u00a0ordinateur \u00e0 partir de diff\u00e9rentes sources comme : un scanner, un\u00a0appareil photo num\u00e9rique, un support CD\u00a0ou DVD une cl\u00e9 USB un t\u00e9l\u00e9chargement provenant d&rsquo;Internet 2) L\u2019\u00e9dition, avec ou sans retouches, dans un\u00a0logiciel de traitement d\u2019images, comme [&hellip;]<\/p>\n","protected":false},"author":1,"featured_media":97,"parent":0,"menu_order":0,"comment_status":"open","ping_status":"open","template":"","meta":{"footnotes":""},"class_list":["post-20","page","type-page","status-publish","has-post-thumbnail","czr-hentry"],"_links":{"self":[{"href":"https:\/\/gexcel.ch\/formations2\/wp-json\/wp\/v2\/pages\/20","targetHints":{"allow":["GET"]}}],"collection":[{"href":"https:\/\/gexcel.ch\/formations2\/wp-json\/wp\/v2\/pages"}],"about":[{"href":"https:\/\/gexcel.ch\/formations2\/wp-json\/wp\/v2\/types\/page"}],"author":[{"embeddable":true,"href":"https:\/\/gexcel.ch\/formations2\/wp-json\/wp\/v2\/users\/1"}],"replies":[{"embeddable":true,"href":"https:\/\/gexcel.ch\/formations2\/wp-json\/wp\/v2\/comments?post=20"}],"version-history":[{"count":18,"href":"https:\/\/gexcel.ch\/formations2\/wp-json\/wp\/v2\/pages\/20\/revisions"}],"predecessor-version":[{"id":962,"href":"https:\/\/gexcel.ch\/formations2\/wp-json\/wp\/v2\/pages\/20\/revisions\/962"}],"wp:featuredmedia":[{"embeddable":true,"href":"https:\/\/gexcel.ch\/formations2\/wp-json\/wp\/v2\/media\/97"}],"wp:attachment":[{"href":"https:\/\/gexcel.ch\/formations2\/wp-json\/wp\/v2\/media?parent=20"}],"curies":[{"name":"wp","href":"https:\/\/api.w.org\/{rel}","templated":true}]}}