{"id":18,"date":"2015-02-19T14:50:29","date_gmt":"2015-02-19T14:50:29","guid":{"rendered":"http:\/\/toshoptop.com\/formations2\/gxlstep2\/?page_id=18"},"modified":"2020-06-29T06:02:54","modified_gmt":"2020-06-29T06:02:54","slug":"bureautique-9","status":"publish","type":"page","link":"https:\/\/gexcel.ch\/formations2\/bureautique-9\/","title":{"rendered":"MS-Office"},"content":{"rendered":"<p>[su_box title=\u00a0\u00bbNous vous aidons \u00e0 rendre plus <strong>efficaces<\/strong> vos outils bureautique\u00a0\u00bb box_color=\u00a0\u00bb#08c\u00a0\u00bb]<\/p>\n<p>[su_row]<\/p>\n<p>[su_pullquote] \u00a0 \u00a0\u00a0<img loading=\"lazy\" decoding=\"async\" class=\"alignnone size-full wp-image-423\" src=\"https:\/\/gexcel.ch\/formations2\/wp-content\/uploads\/2015\/03\/Gexcel_logo1-e1427608128104.jpg\" alt=\"Gexcel_logo1\" width=\"71\" height=\"89\" \/>\u00a0 \u00a0 \u00a0 \u00a0 \u00a0 \u00a0 \u00a0<a href=\"https:\/\/gexcel.ch\/formations2\/wp-content\/uploads\/2020\/06\/20_ans_experiences.png\"><img loading=\"lazy\" decoding=\"async\" class=\"alignnone wp-image-970 \" src=\"https:\/\/gexcel.ch\/formations2\/wp-content\/uploads\/2020\/06\/20_ans_experiences.png\" alt=\"\" width=\"102\" height=\"82\" \/><\/a> \u00a0 \u00a0 \u00a0 \u00a0 \u00a0 \u00a0 \u00a0 \u00a0 [\/su_pullquote]<br \/>\nNous accompagnons les PME et GE, ainsi que les administrations publiques, dans leurs besoins en formation informatique.<br \/>\nNos formations sont assur\u00e9es par des sp\u00e9cialistes exp\u00e9riment\u00e9s et professionnels.<br \/>\nNous \u00e9laborons, entre autres,\u00a0\u00a0des formations pour\u00a0\u00a0:<\/p>\n<p>[\/su_row]<\/p>\n<p>[su_row]<br \/>\n[su_column size=\u00a0\u00bb2\/5&Prime;]<\/p>\n<p><img loading=\"lazy\" decoding=\"async\" class=\"  wp-image-668 alignnone\" src=\"https:\/\/gexcel.ch\/formations2\/wp-content\/uploads\/2015\/02\/Logo-Windows.jpg\" alt=\"Logo Windows\" width=\"83\" height=\"83\" srcset=\"https:\/\/gexcel.ch\/formations2\/wp-content\/uploads\/2015\/02\/Logo-Windows.jpg 225w, https:\/\/gexcel.ch\/formations2\/wp-content\/uploads\/2015\/02\/Logo-Windows-150x150.jpg 150w\" sizes=\"auto, (max-width: 83px) 100vw, 83px\" \/>EVOLUTION <a href=\"https:\/\/gexcel.ch\/formations2\/wp-content\/uploads\/2020\/06\/mcloud2.png\" rel=\"https:\/\/gexcel.ch\/formations2\/les-cours-microsoft\/\"><img loading=\"lazy\" decoding=\"async\" class=\"alignnone wp-image-981\" src=\"https:\/\/gexcel.ch\/formations2\/wp-content\/uploads\/2020\/06\/mcloud2-300x267.png\" alt=\"\" width=\"92\" height=\"82\" srcset=\"https:\/\/gexcel.ch\/formations2\/wp-content\/uploads\/2020\/06\/mcloud2-300x267.png 300w, https:\/\/gexcel.ch\/formations2\/wp-content\/uploads\/2020\/06\/mcloud2.png 368w\" sizes=\"auto, (max-width: 92px) 100vw, 92px\" \/><\/a><\/p>\n<p>[\/su_column]<br \/>\n[su_column size=\u00a0\u00bb3\/5&Prime;]<\/p>\n<p><a href=\"https:\/\/gexcel.ch\/formations2\/les-cours-microsoft\/\">Listes des cours Microsoft<\/a><\/p>\n<p>[\/su_column]<br \/>\n[\/su_row]<\/p>\n<p>[\/su_box]<\/p>\n<p style=\"text-align: center;\">Pour toute information, n\u2019h\u00e9sitez pas \u00e0 <a href=\"https:\/\/gexcel.ch\/formations2\/nous-contacter-2\/\">nous contacter<\/a><\/p>\n<p style=\"text-align: center;\">Nous sommes avec plaisir \u00e0 votre disposition<br \/>\nToute l\u2019\u00e9quipe Gexcel<\/p>\n","protected":false},"excerpt":{"rendered":"<p>[su_box title=\u00a0\u00bbNous vous aidons \u00e0 rendre plus efficaces vos outils bureautique\u00a0\u00bb box_color=\u00a0\u00bb#08c\u00a0\u00bb] [su_row] [su_pullquote] \u00a0 \u00a0\u00a0\u00a0 \u00a0 \u00a0 \u00a0 \u00a0 \u00a0 \u00a0 \u00a0 \u00a0 \u00a0 \u00a0 \u00a0 \u00a0 \u00a0 \u00a0 [\/su_pullquote] Nous accompagnons les PME et GE, ainsi que les administrations publiques, dans leurs besoins en formation informatique. Nos formations sont assur\u00e9es par des sp\u00e9cialistes [&hellip;]<\/p>\n","protected":false},"author":1,"featured_media":95,"parent":0,"menu_order":0,"comment_status":"open","ping_status":"closed","template":"","meta":{"footnotes":""},"class_list":["post-18","page","type-page","status-publish","has-post-thumbnail","czr-hentry"],"_links":{"self":[{"href":"https:\/\/gexcel.ch\/formations2\/wp-json\/wp\/v2\/pages\/18","targetHints":{"allow":["GET"]}}],"collection":[{"href":"https:\/\/gexcel.ch\/formations2\/wp-json\/wp\/v2\/pages"}],"about":[{"href":"https:\/\/gexcel.ch\/formations2\/wp-json\/wp\/v2\/types\/page"}],"author":[{"embeddable":true,"href":"https:\/\/gexcel.ch\/formations2\/wp-json\/wp\/v2\/users\/1"}],"replies":[{"embeddable":true,"href":"https:\/\/gexcel.ch\/formations2\/wp-json\/wp\/v2\/comments?post=18"}],"version-history":[{"count":24,"href":"https:\/\/gexcel.ch\/formations2\/wp-json\/wp\/v2\/pages\/18\/revisions"}],"predecessor-version":[{"id":987,"href":"https:\/\/gexcel.ch\/formations2\/wp-json\/wp\/v2\/pages\/18\/revisions\/987"}],"wp:featuredmedia":[{"embeddable":true,"href":"https:\/\/gexcel.ch\/formations2\/wp-json\/wp\/v2\/media\/95"}],"wp:attachment":[{"href":"https:\/\/gexcel.ch\/formations2\/wp-json\/wp\/v2\/media?parent=18"}],"curies":[{"name":"wp","href":"https:\/\/api.w.org\/{rel}","templated":true}]}}