{"id":146,"date":"2015-02-28T20:07:23","date_gmt":"2015-02-28T20:07:23","guid":{"rendered":"http:\/\/toshoptop.com\/formations2\/gxlstep2\/?page_id=146"},"modified":"2020-06-29T06:08:16","modified_gmt":"2020-06-29T06:08:16","slug":"pour-les-entreprises","status":"publish","type":"page","link":"https:\/\/gexcel.ch\/formations2\/pour-les-entreprises\/","title":{"rendered":"Pour les Entreprises"},"content":{"rendered":"<p>[su_box title=\u00a0\u00bb<\/p>\n<h3>Mises \u00e0 niveau rapide et efficace du personnel<\/h3>\n<p>\u00a0\u00bb box_color=\u00a0\u00bb#08c\u00a0\u00bb]<\/p>\n<p>[su_pullquote]<strong>95 % des entreprises<\/strong> dans le monde travaillent sur une plate-forme Microsoft &#8211; \u00a01,2 Milliard<strong>\u00a0de personnes<\/strong> utilisent Microsoft Office. Des connaissances Internet et d&rsquo;ordinateur sont ainsi une condition indispensable fondamentale pour la plupart des professions du 21\u00e8me si\u00e8cle et un facteur de succ\u00e8s essentiel pour le <strong>succ\u00e8s des entreprises.<\/strong><\/p>\n<p>Nous offrons des solutions efficaces pour la formation de votre entreprise, en mettant \u00e0 votre disposition notre exp\u00e9rience et nos comp\u00e9tences.<\/p>\n<p><a href=\"https:\/\/gexcel.ch\/formations2\/wp-content\/uploads\/2015\/03\/Gexcel_logo1-e1427608128104.jpg\"><img loading=\"lazy\" decoding=\"async\" class=\"alignnone  wp-image-423\" src=\"https:\/\/gexcel.ch\/formations2\/wp-content\/uploads\/2015\/03\/Gexcel_logo1-e1427608128104.jpg\" alt=\"Gexcel_logo1\" width=\"121\" height=\"152\" \/><\/a><\/p>\n<p>[\/su_pullquote]<\/p>\n<p><strong>Les cours sur site<\/strong><\/p>\n<p>Gexcel\u00a0se rend chez vous pour former votre personnel<br \/>\nVous mettez votre salle de cours \u00e0 disposition, nous nous occupons du reste ! Profitez de cette possibilit\u00e9 avantageuse qui vous permet de b\u00e9n\u00e9ficier de la qualit\u00e9 <strong>exceptionnelle<\/strong> de nos cours directement dans\u00a0<strong>votre<\/strong> entreprise !<\/p>\n<p>Enseignement personnalis\u00e9&#8230;<br \/>\nAyez la certitude de vous faire d\u00e9panner sur le point exact qui vous pose probl\u00e8me durant le cours, un instructeur se tient \u00e0 votre disposition afin que vous puissiez le consulter en toute confidentialit\u00e9.<\/p>\n<p>Peu importe ce qui pourrait vous bloquer&#8230;<br \/>\nVous aurez l&rsquo;occasion de vous exprimer pleinement, sans que vos questions d\u00e9rangent ou soient entendues des autres \u00e9tudiants.<br \/>\nUne fois le probl\u00e8me r\u00e9gl\u00e9, vous pourrez continuer votre cours sans ralentir le reste de la classe; vous \u00e9viterez ainsi de r\u00e9colter davantage de point obscurs \u00e0 r\u00e9soudre, comme c&rsquo;est le cas lorsque quelqu&rsquo;un (croyant bien faire) vous donne trop d&rsquo;explications.<\/p>\n<p>Les cartes de formation pour entreprise<\/p>\n<p>Les cartes ont pour but d\u2019aider le personnel \u00e0 parfaire ses connaissances sur \u00a0les logiciels qu\u2019il utilise, et ce le plus librement possible : Excel-Outlook-Powerpoint-Word<\/p>\n<p>[\/su_box]<\/p>\n<p style=\"text-align: center;\">Pour toute information, n\u2019h\u00e9sitez pas \u00e0 <a href=\"https:\/\/gexcel.ch\/formations2\/nous-contacter-2\/\">nous contacter<\/a><\/p>\n<p style=\"text-align: center;\">Nous sommes avec plaisir \u00e0 votre disposition<br \/>\nToute l\u2019\u00e9quipe Gexcel<\/p>\n","protected":false},"excerpt":{"rendered":"<p>[su_box title=\u00a0\u00bb Mises \u00e0 niveau rapide et efficace du personnel \u00a0\u00bb box_color=\u00a0\u00bb#08c\u00a0\u00bb] [su_pullquote]95 % des entreprises dans le monde travaillent sur une plate-forme Microsoft &#8211; \u00a01,2 Milliard\u00a0de personnes utilisent Microsoft Office. Des connaissances Internet et d&rsquo;ordinateur sont ainsi une condition indispensable fondamentale pour la plupart des professions du 21\u00e8me si\u00e8cle et un facteur de succ\u00e8s [&hellip;]<\/p>\n","protected":false},"author":1,"featured_media":0,"parent":0,"menu_order":0,"comment_status":"open","ping_status":"open","template":"","meta":{"footnotes":""},"class_list":["post-146","page","type-page","status-publish","czr-hentry"],"_links":{"self":[{"href":"https:\/\/gexcel.ch\/formations2\/wp-json\/wp\/v2\/pages\/146","targetHints":{"allow":["GET"]}}],"collection":[{"href":"https:\/\/gexcel.ch\/formations2\/wp-json\/wp\/v2\/pages"}],"about":[{"href":"https:\/\/gexcel.ch\/formations2\/wp-json\/wp\/v2\/types\/page"}],"author":[{"embeddable":true,"href":"https:\/\/gexcel.ch\/formations2\/wp-json\/wp\/v2\/users\/1"}],"replies":[{"embeddable":true,"href":"https:\/\/gexcel.ch\/formations2\/wp-json\/wp\/v2\/comments?post=146"}],"version-history":[{"count":9,"href":"https:\/\/gexcel.ch\/formations2\/wp-json\/wp\/v2\/pages\/146\/revisions"}],"predecessor-version":[{"id":992,"href":"https:\/\/gexcel.ch\/formations2\/wp-json\/wp\/v2\/pages\/146\/revisions\/992"}],"wp:attachment":[{"href":"https:\/\/gexcel.ch\/formations2\/wp-json\/wp\/v2\/media?parent=146"}],"curies":[{"name":"wp","href":"https:\/\/api.w.org\/{rel}","templated":true}]}}