{"id":140,"date":"2015-02-28T20:02:13","date_gmt":"2015-02-28T20:02:13","guid":{"rendered":"http:\/\/toshoptop.com\/formations2\/gxlstep2\/?page_id=140"},"modified":"2022-04-19T20:57:31","modified_gmt":"2022-04-19T20:57:31","slug":"les-cours-microsoft","status":"publish","type":"page","link":"https:\/\/gexcel.ch\/formations2\/les-cours-microsoft\/","title":{"rendered":"Les cours Microsoft"},"content":{"rendered":"<p><a href=\"https:\/\/gexcel.ch\/formations2\/windows\/\">Windows<\/a><\/p>\n<p><a href=\"https:\/\/gexcel.ch\/formations2\/Teams\">Teams<\/a><\/p>\n<p><a href=\"https:\/\/gexcel.ch\/formations2\/outlook\/\">Outlook<\/a><\/p>\n<p><a href=\"https:\/\/gexcel.ch\/formations2\/word\/\">Word<\/a><\/p>\n<p><a href=\"https:\/\/gexcel.ch\/formations2\/excel\/\">Excel<\/a><\/p>\n<p><a href=\"https:\/\/gexcel.ch\/formations2\/powerpoint\/\">Powerpoint<\/a><\/p>\n<p><a href=\"https:\/\/gexcel.ch\/formations2\/access\/\">Access<\/a><\/p>\n<p><a href=\"https:\/\/gexcel.ch\/formations2\/project\/\">Project<\/a><\/p>\n<p><a href=\"https:\/\/gexcel.ch\/formations2\/vba\/\">VBA<\/a><\/p>\n<p><a href=\"https:\/\/gexcel.ch\/formations2\/\">Formation ECDL<\/a><\/p>\n<p style=\"text-align: center;\">Pour toute information, n\u2019h\u00e9sitez pas \u00e0 <a href=\"https:\/\/gexcel.ch\/formations2\/nous-contacter-2\/\">nous contacter<\/a><\/p>\n<p style=\"text-align: center;\">Nous sommes avec plaisir \u00e0 votre disposition<br \/>\nToute l\u2019\u00e9quipe Gexcel<\/p>\n","protected":false},"excerpt":{"rendered":"<p>Windows Teams Outlook Word Excel Powerpoint Access Project VBA Formation ECDL Pour toute information, n\u2019h\u00e9sitez pas \u00e0 nous contacter Nous sommes avec plaisir \u00e0 votre disposition Toute l\u2019\u00e9quipe Gexcel<\/p>\n","protected":false},"author":1,"featured_media":0,"parent":0,"menu_order":0,"comment_status":"open","ping_status":"closed","template":"","meta":{"footnotes":""},"class_list":["post-140","page","type-page","status-publish","czr-hentry"],"_links":{"self":[{"href":"https:\/\/gexcel.ch\/formations2\/wp-json\/wp\/v2\/pages\/140","targetHints":{"allow":["GET"]}}],"collection":[{"href":"https:\/\/gexcel.ch\/formations2\/wp-json\/wp\/v2\/pages"}],"about":[{"href":"https:\/\/gexcel.ch\/formations2\/wp-json\/wp\/v2\/types\/page"}],"author":[{"embeddable":true,"href":"https:\/\/gexcel.ch\/formations2\/wp-json\/wp\/v2\/users\/1"}],"replies":[{"embeddable":true,"href":"https:\/\/gexcel.ch\/formations2\/wp-json\/wp\/v2\/comments?post=140"}],"version-history":[{"count":6,"href":"https:\/\/gexcel.ch\/formations2\/wp-json\/wp\/v2\/pages\/140\/revisions"}],"predecessor-version":[{"id":1065,"href":"https:\/\/gexcel.ch\/formations2\/wp-json\/wp\/v2\/pages\/140\/revisions\/1065"}],"wp:attachment":[{"href":"https:\/\/gexcel.ch\/formations2\/wp-json\/wp\/v2\/media?parent=140"}],"curies":[{"name":"wp","href":"https:\/\/api.w.org\/{rel}","templated":true}]}}